{"id":158,"date":"2018-05-08T08:48:32","date_gmt":"2018-05-08T08:48:32","guid":{"rendered":"http:\/\/ottar.edge-themes.com\/?page_id=158"},"modified":"2019-12-25T03:14:06","modified_gmt":"2019-12-25T02:14:06","slug":"wheelchairtrip_2012","status":"publish","type":"page","link":"https:\/\/michalworoch.com\/en\/wheelchairtrip_2012\/","title":{"rendered":"Wheelchairtrip I &#8211; 2012"},"content":{"rendered":"<div class=\"wpb-content-wrapper\"><div class=\"vc_row wpb_row vc_row-fluid vc_custom_1577037323647\" ><div class=\"wpb_column vc_column_container vc_col-sm-12\"><div class=\"vc_column-inner vc_custom_1577037332981\"><div class=\"wpb_wrapper\"><div class=\"edgtf-elements-holder   edgtf-one-column  edgtf-responsive-mode-768\" ><div class=\"edgtf-eh-item\"  data-item-class=\"edgtf-eh-custom-9281\" data-680=\"0px 25px 0px 25px\">\n    <div class=\"edgtf-eh-item-inner\">\n        <div class=\"edgtf-eh-item-content edgtf-eh-custom-9281\" style=\"padding: 0px 45px 0px 45px\">\n            \n\t<div  class=\"wpb_single_image wpb_content_element vc_align_left wpb_content_element\">\n\t\t\n\t\t<figure class=\"wpb_wrapper vc_figure\">\n\t\t\t<div class=\"vc_single_image-wrapper   vc_box_border_grey\"><img width=\"1920\" height=\"832\" src=\"https:\/\/michalworoch.com\/wp-content\/uploads\/2019\/12\/woroch_michal_fot_009.jpg\" class=\"vc_single_image-img attachment-full\" alt=\"\" decoding=\"async\" title=\"woroch_michal_photo_009\" loading=\"lazy\" srcset=\"https:\/\/michalworoch.com\/wp-content\/uploads\/2019\/12\/woroch_michal_fot_009.jpg 1920w, https:\/\/michalworoch.com\/wp-content\/uploads\/2019\/12\/woroch_michal_fot_009-300x130.jpg 300w, https:\/\/michalworoch.com\/wp-content\/uploads\/2019\/12\/woroch_michal_fot_009-1024x444.jpg 1024w, https:\/\/michalworoch.com\/wp-content\/uploads\/2019\/12\/woroch_michal_fot_009-768x333.jpg 768w, https:\/\/michalworoch.com\/wp-content\/uploads\/2019\/12\/woroch_michal_fot_009-1536x666.jpg 1536w\" sizes=\"(max-width: 1920px) 100vw, 1920px\" \/><\/div>\n\t\t<\/figure>\n\t<\/div>\n        <\/div>\n    <\/div>\n<\/div><\/div><\/div><\/div><\/div><\/div><div class=\"edgtf-row-grid-section-wrapper\"  style=\"background-color:#ffffff\"><div class=\"edgtf-row-grid-section\"><div class=\"vc_row wpb_row vc_row-fluid vc_custom_1577037816229\" ><div class=\"wpb_column vc_column_container vc_col-sm-12 vc_col-lg-8 vc_col-md-12\"><div class=\"vc_column-inner\"><div class=\"wpb_wrapper\"><div class=\"edgtf-elements-holder   edgtf-one-column  edgtf-responsive-mode-768\" ><div class=\"edgtf-eh-item\"  data-item-class=\"edgtf-eh-custom-6419\" data-1367-1600=\"0px 255px 0px 0\" data-1025-1366=\"0px 121px 0px 0px\" data-769-1024=\"0px 310px 0 0px\" data-681-768=\"0px 0px 0px 0px\" data-680=\"0px 2px 0px 0px\">\n    <div class=\"edgtf-eh-item-inner\">\n        <div class=\"edgtf-eh-item-content edgtf-eh-custom-6419\" style=\"padding: 0px 255px 0px 0\">\n            \n\t<div class=\"wpb_text_column wpb_content_element\" >\n\t\t<div class=\"wpb_wrapper\">\n\t\t\t<h1>Wheelchair trip I<\/h1>\n\n\t\t<\/div>\n\t<\/div>\n<div class=\"vc_empty_space\"   style=\"height: 1px\"><span class=\"vc_empty_space_inner\"><\/span><\/div>\n\t<div class=\"wpb_text_column wpb_content_element\" >\n\t\t<div class=\"wpb_wrapper\">\n\t\t\t<h2>17,000 km, 3 months, 13 countries, and 2 continents.<\/h2>\n\n\t\t<\/div>\n\t<\/div>\n        <\/div>\n    <\/div>\n<\/div><\/div><\/div><\/div><\/div><\/div><\/div><\/div><div class=\"edgtf-row-grid-section-wrapper\"  ><div class=\"edgtf-row-grid-section\"><div class=\"vc_row wpb_row vc_row-fluid vc_custom_1577018840250\" ><div class=\"wpb_column vc_column_container vc_col-sm-12 vc_col-lg-6 vc_col-md-12\"><div class=\"vc_column-inner\"><div class=\"wpb_wrapper\"><div class=\"edgtf-elements-holder   edgtf-one-column  edgtf-responsive-mode-768\" ><div class=\"edgtf-eh-item\"  data-item-class=\"edgtf-eh-custom-6959\" data-1025-1366=\"31px 3px 0 0px\">\n    <div class=\"edgtf-eh-item-inner\">\n        <div class=\"edgtf-eh-item-content edgtf-eh-custom-6959\" style=\"padding: 31px 13px 0 0px\">\n            <div class=\"edgtf-section-title-holder  edgtf-st-standard edgtf-st-title-left edgtf-st-normal-space edgtf-st-disable-title-break\" >\n    <div class=\"edgtf-st-inner\">\n                <h6 class=\"edgtf-st-title\" >\n        Wheelchair trip I    <\/h6>\n            <p class=\"edgtf-st-text\" style=\"margin-top: 30px\">\n    When the view outside the window changes every second and each day the sun's rays come into the makeshift bedrooms from a different direction, the understanding of home and what it entails changes dramatically. We set ourselves a goal: 17,000 kilometers, 3 months, 13 countries and 2 continents. This was our home, the whirring of the engine and constant movement. Reaching the westernmost point of Europe - Cape Cabo da Roca - required us to take a different look at ourselves and what our disability is. We've been in wheelchairs for a good few years, but that hasn't stopped us from constantly pushing forward. The project began in 2012, that's when Maciej Kaminski and I decided to embark on the journey, a brief snippet of which is just below this text. It was not easy, we were aware of the hardships that awaited us on the way, but we felt prepared for it. Only after we returned, looking back, did we feel how much had changed, even though perhaps nothing had changed around us. We met new selves. Since then, we look at things differently, we can do much more, and the desire for the next challenge grows in us every day.<\/p>\n<\/div>\n<\/div>        <\/div>\n    <\/div>\n<\/div><\/div><\/div><\/div><\/div><div class=\"wpb_column vc_column_container vc_col-sm-12 vc_col-lg-6 vc_col-md-12\"><div class=\"vc_column-inner\"><div class=\"wpb_wrapper\"><div class=\"edgtf-elements-holder   edgtf-one-column  edgtf-responsive-mode-768\" ><div class=\"edgtf-eh-item\"  data-item-class=\"edgtf-eh-custom-8941\" data-1025-1366=\"31px 3px 0 0px\">\n    <div class=\"edgtf-eh-item-inner\">\n        <div class=\"edgtf-eh-item-content edgtf-eh-custom-8941\" style=\"padding: 31px 13px 0 0px\">\n            \n\t<div  class=\"wpb_single_image wpb_content_element vc_align_left wpb_content_element\">\n\t\t\n\t\t<figure class=\"wpb_wrapper vc_figure\">\n\t\t\t<div class=\"vc_single_image-wrapper   vc_box_border_grey\"><img width=\"1600\" height=\"1371\" src=\"https:\/\/michalworoch.com\/wp-content\/uploads\/2019\/12\/woroch_michal_fot_010.jpg\" class=\"vc_single_image-img attachment-full\" alt=\"\" decoding=\"async\" title=\"woroch_michal_photo_010\" loading=\"lazy\" srcset=\"https:\/\/michalworoch.com\/wp-content\/uploads\/2019\/12\/woroch_michal_fot_010.jpg 1600w, https:\/\/michalworoch.com\/wp-content\/uploads\/2019\/12\/woroch_michal_fot_010-300x257.jpg 300w, https:\/\/michalworoch.com\/wp-content\/uploads\/2019\/12\/woroch_michal_fot_010-1024x877.jpg 1024w, https:\/\/michalworoch.com\/wp-content\/uploads\/2019\/12\/woroch_michal_fot_010-768x658.jpg 768w, https:\/\/michalworoch.com\/wp-content\/uploads\/2019\/12\/woroch_michal_fot_010-1536x1316.jpg 1536w\" sizes=\"(max-width: 1600px) 100vw, 1600px\" \/><\/div>\n\t\t<\/figure>\n\t<\/div>\n        <\/div>\n    <\/div>\n<\/div><\/div><\/div><\/div><\/div><\/div><\/div><\/div><div class=\"vc_row wpb_row vc_row-fluid vc_custom_1577039250509\" ><div class=\"wpb_column vc_column_container vc_col-sm-12\"><div class=\"vc_column-inner\"><div class=\"wpb_wrapper\"><div class=\"edgtf-elements-holder   edgtf-one-column  edgtf-responsive-mode-768\" ><div class=\"edgtf-eh-item\"  data-item-class=\"edgtf-eh-custom-4950\" data-680=\"0px 25px 0px 25px\">\n    <div class=\"edgtf-eh-item-inner\">\n        <div class=\"edgtf-eh-item-content edgtf-eh-custom-4950\" style=\"padding: 0px 45px 0px 45px\">\n            \n\t<div  class=\"wpb_single_image wpb_content_element vc_align_left wpb_content_element\">\n\t\t\n\t\t<figure class=\"wpb_wrapper vc_figure\">\n\t\t\t<div class=\"vc_single_image-wrapper   vc_box_border_grey\"><img width=\"1920\" height=\"1080\" src=\"https:\/\/michalworoch.com\/wp-content\/uploads\/2019\/12\/woroch_michal_fot_011.jpg\" class=\"vc_single_image-img attachment-full\" alt=\"\" decoding=\"async\" title=\"woroch_michal_photo_011\" loading=\"lazy\" srcset=\"https:\/\/michalworoch.com\/wp-content\/uploads\/2019\/12\/woroch_michal_fot_011.jpg 1920w, https:\/\/michalworoch.com\/wp-content\/uploads\/2019\/12\/woroch_michal_fot_011-300x169.jpg 300w, https:\/\/michalworoch.com\/wp-content\/uploads\/2019\/12\/woroch_michal_fot_011-1024x576.jpg 1024w, https:\/\/michalworoch.com\/wp-content\/uploads\/2019\/12\/woroch_michal_fot_011-768x432.jpg 768w, https:\/\/michalworoch.com\/wp-content\/uploads\/2019\/12\/woroch_michal_fot_011-1536x864.jpg 1536w\" sizes=\"(max-width: 1920px) 100vw, 1920px\" \/><\/div>\n\t\t<\/figure>\n\t<\/div>\n        <\/div>\n    <\/div>\n<\/div><\/div><\/div><\/div><\/div><\/div><div class=\"vc_row wpb_row vc_row-fluid vc_custom_1577121177562\" ><div class=\"wpb_column vc_column_container vc_col-sm-12\"><div class=\"vc_column-inner\"><div class=\"wpb_wrapper\"><div class=\"edgtf-elements-holder   edgtf-one-column  edgtf-responsive-mode-768\" ><div class=\"edgtf-eh-item\"  data-item-class=\"edgtf-eh-custom-5505\" data-680=\"0px 25px 0px 25px\">\n    <div class=\"edgtf-eh-item-inner\">\n        <div class=\"edgtf-eh-item-content edgtf-eh-custom-5505\" style=\"padding: 0px 45px 0px 45px\">\n            \n\t<div class=\"wpb_video_widget wpb_content_element vc_clearfix   vc_video-aspect-ratio-169 vc_video-el-width-100 vc_video-align-left\" >\n\t\t<div class=\"wpb_wrapper\">\n\t\t\t\n\t\t\t<div class=\"wpb_video_wrapper\"><iframe title=\"wheelchair trip\" src=\"https:\/\/player.vimeo.com\/video\/57817065?dnt=1&amp;app_id=122963\" width=\"500\" height=\"281\" frameborder=\"0\" allow=\"autoplay; fullscreen; picture-in-picture; clipboard-write\"><\/iframe><\/div>\n\t\t<\/div>\n\t<\/div>\n        <\/div>\n    <\/div>\n<\/div><\/div><\/div><\/div><\/div><\/div><div class=\"vc_row wpb_row vc_row-fluid vc_custom_1577039250509\" ><div class=\"wpb_column vc_column_container vc_col-sm-12\"><div class=\"vc_column-inner\"><div class=\"wpb_wrapper\"><div class=\"edgtf-elements-holder   edgtf-one-column  edgtf-responsive-mode-768\" ><div class=\"edgtf-eh-item\"  data-item-class=\"edgtf-eh-custom-9879\" data-680=\"0px 25px 0px 25px\">\n    <div class=\"edgtf-eh-item-inner\">\n        <div class=\"edgtf-eh-item-content edgtf-eh-custom-9879\" style=\"padding: 0px 45px 0px 45px\">\n            \n\t<div  class=\"wpb_single_image wpb_content_element vc_align_left wpb_content_element\">\n\t\t\n\t\t<figure class=\"wpb_wrapper vc_figure\">\n\t\t\t<div class=\"vc_single_image-wrapper   vc_box_border_grey\"><img width=\"1920\" height=\"804\" src=\"https:\/\/michalworoch.com\/wp-content\/uploads\/2019\/12\/woroch_michal_fot_012.jpg\" class=\"vc_single_image-img attachment-full\" alt=\"\" decoding=\"async\" title=\"woroch_michal_photo_012\" loading=\"lazy\" srcset=\"https:\/\/michalworoch.com\/wp-content\/uploads\/2019\/12\/woroch_michal_fot_012.jpg 1920w, https:\/\/michalworoch.com\/wp-content\/uploads\/2019\/12\/woroch_michal_fot_012-300x126.jpg 300w, https:\/\/michalworoch.com\/wp-content\/uploads\/2019\/12\/woroch_michal_fot_012-1024x429.jpg 1024w, https:\/\/michalworoch.com\/wp-content\/uploads\/2019\/12\/woroch_michal_fot_012-768x322.jpg 768w, https:\/\/michalworoch.com\/wp-content\/uploads\/2019\/12\/woroch_michal_fot_012-1536x643.jpg 1536w\" sizes=\"(max-width: 1920px) 100vw, 1920px\" \/><\/div>\n\t\t<\/figure>\n\t<\/div>\n        <\/div>\n    <\/div>\n<\/div><\/div><\/div><\/div><\/div><\/div><div class=\"vc_row wpb_row vc_row-fluid vc_custom_1577121158776\" ><div class=\"wpb_column vc_column_container vc_col-sm-6\"><div class=\"vc_column-inner vc_custom_1577120800234\"><div class=\"wpb_wrapper\"><div class=\"edgtf-elements-holder   edgtf-one-column  edgtf-responsive-mode-768\" ><div class=\"edgtf-eh-item   edgtf-horizontal-alignment-center\"  data-item-class=\"edgtf-eh-custom-1429\" data-680=\"0px 25px 0px 25px\">\n    <div class=\"edgtf-eh-item-inner\">\n        <div class=\"edgtf-eh-item-content edgtf-eh-custom-1429\" style=\"padding: 0px 0px 0px 45px\">\n            \n\t<div  class=\"wpb_single_image wpb_content_element vc_align_left wpb_content_element\">\n\t\t\n\t\t<figure class=\"wpb_wrapper vc_figure\">\n\t\t\t<div class=\"vc_single_image-wrapper   vc_box_border_grey\"><img width=\"1920\" height=\"1280\" src=\"https:\/\/michalworoch.com\/wp-content\/uploads\/2019\/12\/woroch_michal_fot_016.jpg\" class=\"vc_single_image-img attachment-full\" alt=\"\" decoding=\"async\" title=\"woroch_michal_photo_016\" loading=\"lazy\" srcset=\"https:\/\/michalworoch.com\/wp-content\/uploads\/2019\/12\/woroch_michal_fot_016.jpg 1920w, https:\/\/michalworoch.com\/wp-content\/uploads\/2019\/12\/woroch_michal_fot_016-300x200.jpg 300w, https:\/\/michalworoch.com\/wp-content\/uploads\/2019\/12\/woroch_michal_fot_016-1024x683.jpg 1024w, https:\/\/michalworoch.com\/wp-content\/uploads\/2019\/12\/woroch_michal_fot_016-768x512.jpg 768w, https:\/\/michalworoch.com\/wp-content\/uploads\/2019\/12\/woroch_michal_fot_016-1536x1024.jpg 1536w\" sizes=\"(max-width: 1920px) 100vw, 1920px\" \/><\/div>\n\t\t<\/figure>\n\t<\/div>\n        <\/div>\n    <\/div>\n<\/div><\/div><\/div><\/div><\/div><div class=\"wpb_column vc_column_container vc_col-sm-6\"><div class=\"vc_column-inner\"><div class=\"wpb_wrapper\"><div class=\"edgtf-elements-holder   edgtf-one-column  edgtf-responsive-mode-768\" ><div class=\"edgtf-eh-item   edgtf-horizontal-alignment-center\"  data-item-class=\"edgtf-eh-custom-3233\" data-680=\"0px 25px 0px 25px\">\n    <div class=\"edgtf-eh-item-inner\">\n        <div class=\"edgtf-eh-item-content edgtf-eh-custom-3233\" style=\"padding: 0px 45px 0px 0px\">\n            \n\t<div  class=\"wpb_single_image wpb_content_element vc_align_left wpb_content_element\">\n\t\t\n\t\t<figure class=\"wpb_wrapper vc_figure\">\n\t\t\t<div class=\"vc_single_image-wrapper   vc_box_border_grey\"><img width=\"2560\" height=\"1707\" src=\"https:\/\/michalworoch.com\/wp-content\/uploads\/2019\/12\/woroch_michal_fot_015-scaled.jpg\" class=\"vc_single_image-img attachment-full\" alt=\"\" decoding=\"async\" title=\"woroch_michal_photo_015\" loading=\"lazy\" srcset=\"https:\/\/michalworoch.com\/wp-content\/uploads\/2019\/12\/woroch_michal_fot_015-scaled.jpg 2560w, https:\/\/michalworoch.com\/wp-content\/uploads\/2019\/12\/woroch_michal_fot_015-300x200.jpg 300w, https:\/\/michalworoch.com\/wp-content\/uploads\/2019\/12\/woroch_michal_fot_015-1024x683.jpg 1024w, https:\/\/michalworoch.com\/wp-content\/uploads\/2019\/12\/woroch_michal_fot_015-768x512.jpg 768w, https:\/\/michalworoch.com\/wp-content\/uploads\/2019\/12\/woroch_michal_fot_015-1536x1024.jpg 1536w\" sizes=\"(max-width: 2560px) 100vw, 2560px\" \/><\/div>\n\t\t<\/figure>\n\t<\/div>\n        <\/div>\n    <\/div>\n<\/div><\/div><\/div><\/div><\/div><\/div><div class=\"vc_row wpb_row vc_row-fluid vc_custom_1577121153091\" ><div class=\"wpb_column vc_column_container vc_col-sm-12\"><div class=\"vc_column-inner vc_custom_1577121253667\"><div class=\"wpb_wrapper\"><div class=\"edgtf-elements-holder   edgtf-one-column  edgtf-responsive-mode-768\" ><div class=\"edgtf-eh-item\"  data-item-class=\"edgtf-eh-custom-8319\" data-680=\"0px 25px 0px 25px\">\n    <div class=\"edgtf-eh-item-inner\">\n        <div class=\"edgtf-eh-item-content edgtf-eh-custom-8319\" style=\"padding: 0px 45px 0px 45px\">\n            \n\t<div  class=\"wpb_single_image wpb_content_element vc_align_left wpb_content_element\">\n\t\t\n\t\t<figure class=\"wpb_wrapper vc_figure\">\n\t\t\t<div class=\"vc_single_image-wrapper   vc_box_border_grey\"><img width=\"1920\" height=\"1080\" src=\"https:\/\/michalworoch.com\/wp-content\/uploads\/2019\/12\/woroch_michal_fot_017.jpg\" class=\"vc_single_image-img attachment-full\" alt=\"\" decoding=\"async\" title=\"woroch_michal_fot_017\" loading=\"lazy\" srcset=\"https:\/\/michalworoch.com\/wp-content\/uploads\/2019\/12\/woroch_michal_fot_017.jpg 1920w, https:\/\/michalworoch.com\/wp-content\/uploads\/2019\/12\/woroch_michal_fot_017-300x169.jpg 300w, https:\/\/michalworoch.com\/wp-content\/uploads\/2019\/12\/woroch_michal_fot_017-1024x576.jpg 1024w, https:\/\/michalworoch.com\/wp-content\/uploads\/2019\/12\/woroch_michal_fot_017-768x432.jpg 768w, https:\/\/michalworoch.com\/wp-content\/uploads\/2019\/12\/woroch_michal_fot_017-1536x864.jpg 1536w\" sizes=\"(max-width: 1920px) 100vw, 1920px\" \/><\/div>\n\t\t<\/figure>\n\t<\/div>\n        <\/div>\n    <\/div>\n<\/div><\/div><\/div><\/div><\/div><\/div><div class=\"vc_row wpb_row vc_row-fluid vc_custom_1577121142618\" ><div class=\"wpb_column vc_column_container vc_col-sm-6\"><div class=\"vc_column-inner vc_custom_1577121258872\"><div class=\"wpb_wrapper\"><div class=\"edgtf-elements-holder   edgtf-one-column  edgtf-responsive-mode-768\" ><div class=\"edgtf-eh-item   edgtf-horizontal-alignment-center\"  data-item-class=\"edgtf-eh-custom-6487\" data-680=\"0px 25px 0px 25px\">\n    <div class=\"edgtf-eh-item-inner\">\n        <div class=\"edgtf-eh-item-content edgtf-eh-custom-6487\" style=\"padding: 0px 0px 0px 45px\">\n            \n\t<div  class=\"wpb_single_image wpb_content_element vc_align_left wpb_content_element\">\n\t\t\n\t\t<figure class=\"wpb_wrapper vc_figure\">\n\t\t\t<div class=\"vc_single_image-wrapper   vc_box_border_grey\"><img width=\"1920\" height=\"1280\" src=\"https:\/\/michalworoch.com\/wp-content\/uploads\/2019\/12\/woroch_michal_fot_013.jpg\" class=\"vc_single_image-img attachment-full\" alt=\"\" decoding=\"async\" title=\"woroch_michal_photo_013\" loading=\"lazy\" srcset=\"https:\/\/michalworoch.com\/wp-content\/uploads\/2019\/12\/woroch_michal_fot_013.jpg 1920w, https:\/\/michalworoch.com\/wp-content\/uploads\/2019\/12\/woroch_michal_fot_013-300x200.jpg 300w, https:\/\/michalworoch.com\/wp-content\/uploads\/2019\/12\/woroch_michal_fot_013-1024x683.jpg 1024w, https:\/\/michalworoch.com\/wp-content\/uploads\/2019\/12\/woroch_michal_fot_013-768x512.jpg 768w, https:\/\/michalworoch.com\/wp-content\/uploads\/2019\/12\/woroch_michal_fot_013-1536x1024.jpg 1536w\" sizes=\"(max-width: 1920px) 100vw, 1920px\" \/><\/div>\n\t\t<\/figure>\n\t<\/div>\n        <\/div>\n    <\/div>\n<\/div><\/div><\/div><\/div><\/div><div class=\"wpb_column vc_column_container vc_col-sm-6\"><div class=\"vc_column-inner\"><div class=\"wpb_wrapper\"><div class=\"edgtf-elements-holder   edgtf-one-column  edgtf-responsive-mode-768\" ><div class=\"edgtf-eh-item   edgtf-horizontal-alignment-center\"  data-item-class=\"edgtf-eh-custom-3912\" data-680=\"0px 25px 0px 25px\">\n    <div class=\"edgtf-eh-item-inner\">\n        <div class=\"edgtf-eh-item-content edgtf-eh-custom-3912\" style=\"padding: 0px 45px 0px 0px\">\n            \n\t<div  class=\"wpb_single_image wpb_content_element vc_align_left wpb_content_element\">\n\t\t\n\t\t<figure class=\"wpb_wrapper vc_figure\">\n\t\t\t<div class=\"vc_single_image-wrapper   vc_box_border_grey\"><img width=\"1920\" height=\"1280\" src=\"https:\/\/michalworoch.com\/wp-content\/uploads\/2019\/12\/woroch_michal_fot_014.jpg\" class=\"vc_single_image-img attachment-full\" alt=\"\" decoding=\"async\" title=\"woroch_michal_photo_014\" loading=\"lazy\" srcset=\"https:\/\/michalworoch.com\/wp-content\/uploads\/2019\/12\/woroch_michal_fot_014.jpg 1920w, https:\/\/michalworoch.com\/wp-content\/uploads\/2019\/12\/woroch_michal_fot_014-300x200.jpg 300w, https:\/\/michalworoch.com\/wp-content\/uploads\/2019\/12\/woroch_michal_fot_014-1024x683.jpg 1024w, https:\/\/michalworoch.com\/wp-content\/uploads\/2019\/12\/woroch_michal_fot_014-768x512.jpg 768w, https:\/\/michalworoch.com\/wp-content\/uploads\/2019\/12\/woroch_michal_fot_014-1536x1024.jpg 1536w\" sizes=\"(max-width: 1920px) 100vw, 1920px\" \/><\/div>\n\t\t<\/figure>\n\t<\/div>\n        <\/div>\n    <\/div>\n<\/div><\/div><\/div><\/div><\/div><\/div>\n<\/div>","protected":false},"excerpt":{"rendered":"Wheelchairtrip I 17.000 km, 3 miesi\u0105ce, 13 pa\u0144stw i 2 kontynenty. Wheelchairtrip I Kiedy widok za oknem zmienia si\u0119 co sekund\u0119 i ka\u017cdego dnia promienie s\u0142o\u0144ca wpadaj\u0105 do wn\u0119trza prowizorycznych sypialni z innej strony, rozumienie domu i tego, co z nim zwi\u0105zane, zmienia si\u0119 diametralnie. Postawili\u015bmy sobie cel: 17.000 km, 3 miesi\u0105ce, 13 pa\u0144stw i 2 kontynenty. To by\u0142 nasz [...]","protected":false},"author":1,"featured_media":0,"parent":0,"menu_order":0,"comment_status":"closed","ping_status":"closed","template":"full-width.php","meta":{"footnotes":""},"yoast_head":"<!-- This site is optimized with the Yoast SEO plugin v22.3 - https:\/\/yoast.com\/wordpress\/plugins\/seo\/ -->\n<title>Wheelchairtrip I - 2012 &#8212; Micha\u0142 Woroch<\/title>\n<meta name=\"robots\" content=\"index, follow, max-snippet:-1, max-image-preview:large, max-video-preview:-1\" \/>\n<link rel=\"canonical\" href=\"https:\/\/michalworoch.com\/en\/wheelchairtrip_2012\/\" \/>\n<meta property=\"og:locale\" content=\"en_US\" \/>\n<meta property=\"og:type\" content=\"article\" \/>\n<meta property=\"og:title\" content=\"Wheelchairtrip I - 2012 &#8212; Micha\u0142 Woroch\" \/>\n<meta property=\"og:url\" content=\"https:\/\/michalworoch.com\/en\/wheelchairtrip_2012\/\" \/>\n<meta property=\"og:site_name\" content=\"Micha\u0142 Woroch\" \/>\n<meta property=\"article:publisher\" content=\"https:\/\/www.facebook.com\/wheelchairtrip\" \/>\n<meta property=\"article:modified_time\" content=\"2019-12-25T02:14:06+00:00\" \/>\n<meta name=\"twitter:card\" content=\"summary_large_image\" \/>\n<meta name=\"twitter:label1\" content=\"Est. reading time\" \/>\n\t<meta name=\"twitter:data1\" content=\"5 minutes\" \/>\n<script type=\"application\/ld+json\" class=\"yoast-schema-graph\">{\"@context\":\"https:\/\/schema.org\",\"@graph\":[{\"@type\":\"WebPage\",\"@id\":\"https:\/\/michalworoch.com\/wheelchairtrip_2012\/\",\"url\":\"https:\/\/michalworoch.com\/wheelchairtrip_2012\/\",\"name\":\"Wheelchairtrip I - 2012 &#8212; Micha\u0142 Woroch\",\"isPartOf\":{\"@id\":\"https:\/\/michalworoch.com\/#website\"},\"datePublished\":\"2018-05-08T08:48:32+00:00\",\"dateModified\":\"2019-12-25T02:14:06+00:00\",\"breadcrumb\":{\"@id\":\"https:\/\/michalworoch.com\/wheelchairtrip_2012\/#breadcrumb\"},\"inLanguage\":\"en-US\",\"potentialAction\":[{\"@type\":\"ReadAction\",\"target\":[\"https:\/\/michalworoch.com\/wheelchairtrip_2012\/\"]}]},{\"@type\":\"BreadcrumbList\",\"@id\":\"https:\/\/michalworoch.com\/wheelchairtrip_2012\/#breadcrumb\",\"itemListElement\":[{\"@type\":\"ListItem\",\"position\":1,\"name\":\"Strona g\u0142\u00f3wna\",\"item\":\"https:\/\/michalworoch.com\/\"},{\"@type\":\"ListItem\",\"position\":2,\"name\":\"Wheelchairtrip I &#8211; 2012\"}]},{\"@type\":\"WebSite\",\"@id\":\"https:\/\/michalworoch.com\/#website\",\"url\":\"https:\/\/michalworoch.com\/\",\"name\":\"Micha\u0142 Woroch - Wheelchairtrip\",\"description\":\"Micha\u0142 Woroch\",\"potentialAction\":[{\"@type\":\"SearchAction\",\"target\":{\"@type\":\"EntryPoint\",\"urlTemplate\":\"https:\/\/michalworoch.com\/?s={search_term_string}\"},\"query-input\":\"required name=search_term_string\"}],\"inLanguage\":\"en-US\"}]}<\/script>\n<!-- \/ Yoast SEO plugin. -->","yoast_head_json":{"title":"Wheelchairtrip I - 2012 &#8212; Micha\u0142 Woroch","robots":{"index":"index","follow":"follow","max-snippet":"max-snippet:-1","max-image-preview":"max-image-preview:large","max-video-preview":"max-video-preview:-1"},"canonical":"https:\/\/michalworoch.com\/en\/wheelchairtrip_2012\/","og_locale":"en_US","og_type":"article","og_title":"Wheelchairtrip I - 2012 &#8212; Micha\u0142 Woroch","og_url":"https:\/\/michalworoch.com\/en\/wheelchairtrip_2012\/","og_site_name":"Micha\u0142 Woroch","article_publisher":"https:\/\/www.facebook.com\/wheelchairtrip","article_modified_time":"2019-12-25T02:14:06+00:00","twitter_card":"summary_large_image","twitter_misc":{"Est. reading time":"5 minutes"},"schema":{"@context":"https:\/\/schema.org","@graph":[{"@type":"WebPage","@id":"https:\/\/michalworoch.com\/wheelchairtrip_2012\/","url":"https:\/\/michalworoch.com\/wheelchairtrip_2012\/","name":"Wheelchairtrip I - 2012 &#8212; Micha\u0142 Woroch","isPartOf":{"@id":"https:\/\/michalworoch.com\/#website"},"datePublished":"2018-05-08T08:48:32+00:00","dateModified":"2019-12-25T02:14:06+00:00","breadcrumb":{"@id":"https:\/\/michalworoch.com\/wheelchairtrip_2012\/#breadcrumb"},"inLanguage":"en-US","potentialAction":[{"@type":"ReadAction","target":["https:\/\/michalworoch.com\/wheelchairtrip_2012\/"]}]},{"@type":"BreadcrumbList","@id":"https:\/\/michalworoch.com\/wheelchairtrip_2012\/#breadcrumb","itemListElement":[{"@type":"ListItem","position":1,"name":"Strona g\u0142\u00f3wna","item":"https:\/\/michalworoch.com\/"},{"@type":"ListItem","position":2,"name":"Wheelchairtrip I &#8211; 2012"}]},{"@type":"WebSite","@id":"https:\/\/michalworoch.com\/#website","url":"https:\/\/michalworoch.com\/","name":"Micha\u0142 Woroch - Wheelchairtrip","description":"Micha\u0142 Woroch","potentialAction":[{"@type":"SearchAction","target":{"@type":"EntryPoint","urlTemplate":"https:\/\/michalworoch.com\/?s={search_term_string}"},"query-input":"required name=search_term_string"}],"inLanguage":"en-US"}]}},"_links":{"self":[{"href":"https:\/\/michalworoch.com\/en\/wp-json\/wp\/v2\/pages\/158"}],"collection":[{"href":"https:\/\/michalworoch.com\/en\/wp-json\/wp\/v2\/pages"}],"about":[{"href":"https:\/\/michalworoch.com\/en\/wp-json\/wp\/v2\/types\/page"}],"author":[{"embeddable":true,"href":"https:\/\/michalworoch.com\/en\/wp-json\/wp\/v2\/users\/1"}],"replies":[{"embeddable":true,"href":"https:\/\/michalworoch.com\/en\/wp-json\/wp\/v2\/comments?post=158"}],"version-history":[{"count":21,"href":"https:\/\/michalworoch.com\/en\/wp-json\/wp\/v2\/pages\/158\/revisions"}],"predecessor-version":[{"id":3570,"href":"https:\/\/michalworoch.com\/en\/wp-json\/wp\/v2\/pages\/158\/revisions\/3570"}],"wp:attachment":[{"href":"https:\/\/michalworoch.com\/en\/wp-json\/wp\/v2\/media?parent=158"}],"curies":[{"name":"wp","href":"https:\/\/api.w.org\/{rel}","templated":true}]}}