{"id":2479,"date":"2018-05-29T08:50:09","date_gmt":"2018-05-29T08:50:09","guid":{"rendered":"http:\/\/ottar.edge-themes.com\/?page_id=2479"},"modified":"2021-02-01T21:19:29","modified_gmt":"2021-02-01T20:19:29","slug":"ksiazka","status":"publish","type":"page","link":"https:\/\/michalworoch.com\/en\/ksiazka\/","title":{"rendered":"book"},"content":{"rendered":"<div class=\"wpb-content-wrapper\"><div class=\"edgtf-row-grid-section-wrapper\"  ><div class=\"edgtf-row-grid-section\"><div class=\"vc_row wpb_row vc_row-fluid vc_custom_1577124533119\" ><div class=\"wpb_column vc_column_container vc_col-sm-12 vc_col-lg-6 vc_col-md-12\"><div class=\"vc_column-inner\"><div class=\"wpb_wrapper\"><div class=\"edgtf-elements-holder   edgtf-one-column  edgtf-responsive-mode-768\" ><div class=\"edgtf-eh-item\"  data-item-class=\"edgtf-eh-custom-9783\" data-1025-1366=\"0px 3px 0 0px\">\n    <div class=\"edgtf-eh-item-inner\">\n        <div class=\"edgtf-eh-item-content edgtf-eh-custom-9783\" style=\"padding: 31px 13px 0 0px\">\n            <div class=\"vc_empty_space\"   style=\"height: 30px\"><span class=\"vc_empty_space_inner\"><\/span><\/div>\n\t<div class=\"wpb_text_column wpb_content_element\" >\n\t\t<div class=\"wpb_wrapper\">\n\t\t\t<h1><span class=\"font_u96dif6g6\"><span class=\"bold\">Krok po kroku<\/span><\/span><\/h1>\n\n\t\t<\/div>\n\t<\/div>\n<div class=\"vc_empty_space\"   style=\"height: 1px\"><span class=\"vc_empty_space_inner\"><\/span><\/div>\n\t<div class=\"wpb_text_column wpb_content_element\" >\n\t\t<div class=\"wpb_wrapper\">\n\t\t\t<h2 style=\"font-size: 1.33333rem; line-height: 1.55556rem;\"><span class=\"font_u96dif6g6\">Z Ziemi Ognistej na Alask\u0119.<\/span><\/h2>\n\n\t\t<\/div>\n\t<\/div>\n<div class=\"vc_empty_space\"   style=\"height: 30px\"><span class=\"vc_empty_space_inner\"><\/span><\/div>\n\t<div class=\"wpb_text_column wpb_content_element\" >\n\t\t<div class=\"wpb_wrapper\">\n\t\t\t<p><a href=\"https:\/\/krok-po-kroku.shoplo.com\/krok-po-kroku\"><strong><em><span class=\"bold_italic\">Travel book: Step by Step<\/span><\/em><\/strong><\/a> It is the story of two friends who travelled across both Americas in a Land Rover Defender adapted to their needs. Very quickly, the journey became much more than a route on a map. It became a way to better understand themselves, overcome fear and come to terms with their own disabilities.\n\nBut Step by Step is not only the story of a year-long journey from one end of the world to the other. It is also a story about the twists and turns of life, <a href=\"https:\/\/michalworoch.com\/en\/wheelchairtrip\/\">the road toward a goal and constantly pushing your own horizon further.<\/a><\/p>\n\n\t\t<\/div>\n\t<\/div>\n        <\/div>\n    <\/div>\n<\/div><\/div><div class=\"edgtf-elements-holder   edgtf-one-column  edgtf-responsive-mode-768\" ><div class=\"edgtf-eh-item   edgtf-horizontal-alignment-right\"  data-item-class=\"edgtf-eh-custom-3787\" data-1025-1366=\"0px 3px 0 0px\">\n    <div class=\"edgtf-eh-item-inner\">\n        <div class=\"edgtf-eh-item-content edgtf-eh-custom-3787\" style=\"padding: 31px 13px 0 0px\">\n            <a itemprop=\"url\" href=\"https:\/\/rayo4x4.pl\/product-pol-6403-KROK-PO-KROKU-Michal-Woroch.html\" target=\"_blank\"  class=\"edgtf-btn edgtf-btn-medium edgtf-btn-outline\"  >\n            <span class=\"edgtf-btn-text\">Order a book<\/span>\n            <\/a>        <\/div>\n    <\/div>\n<\/div><\/div><\/div><\/div><\/div><div class=\"wpb_column vc_column_container vc_col-sm-12 vc_col-lg-2\/5 vc_col-md-12\"><div class=\"vc_column-inner\"><div class=\"wpb_wrapper\"><div class=\"edgtf-elements-holder   edgtf-one-column  edgtf-responsive-mode-768\" ><div class=\"edgtf-eh-item\"  data-item-class=\"edgtf-eh-custom-9051\" data-1025-1366=\"31px 3px 0 0px\">\n    <div class=\"edgtf-eh-item-inner\">\n        <div class=\"edgtf-eh-item-content edgtf-eh-custom-9051\" style=\"padding: 31px 13px 0 0px\">\n            \n\t<div  class=\"wpb_single_image wpb_content_element vc_align_left wpb_content_element\">\n\t\t\n\t\t<figure class=\"wpb_wrapper vc_figure\">\n\t\t\t<div class=\"vc_single_image-wrapper   vc_box_border_grey\"><img width=\"1680\" height=\"1440\" src=\"https:\/\/michalworoch.com\/wp-content\/uploads\/2020\/04\/woroch_michal_fot_019.jpg\" class=\"vc_single_image-img attachment-full\" alt=\"\" decoding=\"async\" title=\"woroch_michal_fot_019a\" loading=\"lazy\" srcset=\"https:\/\/michalworoch.com\/wp-content\/uploads\/2020\/04\/woroch_michal_fot_019.jpg 1680w, https:\/\/michalworoch.com\/wp-content\/uploads\/2020\/04\/woroch_michal_fot_019-300x257.jpg 300w, https:\/\/michalworoch.com\/wp-content\/uploads\/2020\/04\/woroch_michal_fot_019-1024x878.jpg 1024w, https:\/\/michalworoch.com\/wp-content\/uploads\/2020\/04\/woroch_michal_fot_019-768x658.jpg 768w, https:\/\/michalworoch.com\/wp-content\/uploads\/2020\/04\/woroch_michal_fot_019-1536x1317.jpg 1536w\" sizes=\"(max-width: 1680px) 100vw, 1680px\" \/><\/div>\n\t\t<\/figure>\n\t<\/div>\n        <\/div>\n    <\/div>\n<\/div><\/div><\/div><\/div><\/div><\/div><\/div><\/div><div class=\"edgtf-row-grid-section-wrapper\"  ><div class=\"edgtf-row-grid-section\"><div class=\"vc_row wpb_row vc_row-fluid vc_custom_1577125201098\" ><div class=\"wpb_column vc_column_container vc_col-sm-4\"><div class=\"vc_column-inner\"><div class=\"wpb_wrapper\"><div class=\"edgtf-elements-holder   edgtf-one-column  edgtf-responsive-mode-768\" ><div class=\"edgtf-eh-item\"  data-item-class=\"edgtf-eh-custom-4674\">\n    <div class=\"edgtf-eh-item-inner\">\n        <div class=\"edgtf-eh-item-content edgtf-eh-custom-4674\" >\n            \n\t<div  class=\"wpb_single_image wpb_content_element vc_align_left wpb_content_element vc_custom_1577124984270\">\n\t\t\n\t\t<figure class=\"wpb_wrapper vc_figure\">\n\t\t\t<div class=\"vc_single_image-wrapper   vc_box_border_grey\"><img width=\"429\" height=\"500\" src=\"https:\/\/michalworoch.com\/wp-content\/uploads\/2019\/12\/Martyna-Wojciechowska.jpg\" class=\"vc_single_image-img attachment-full\" alt=\"\" decoding=\"async\" title=\"Martyna Wojciechowska\" loading=\"lazy\" srcset=\"https:\/\/michalworoch.com\/wp-content\/uploads\/2019\/12\/Martyna-Wojciechowska.jpg 429w, https:\/\/michalworoch.com\/wp-content\/uploads\/2019\/12\/Martyna-Wojciechowska-257x300.jpg 257w\" sizes=\"(max-width: 429px) 100vw, 429px\" \/><\/div>\n\t\t<\/figure>\n\t<\/div>\n\n\t<div class=\"wpb_text_column wpb_content_element vc_custom_1600091705384\" >\n\t\t<div class=\"wpb_wrapper\">\n\t\t\t<p>Micha\u0142 Woroch writes beautifully, with humility and a healthy distance from the world. Step by Step reads like an adventure novel, but at the same time it makes you reflect on how much we have, even though we sometimes forget it.\n\nIt is a story about a positive kind of madness, friendship and determination, the kind that makes it possible to overcome every obstacle. Above all, the obstacles that exist in our own minds.\n\n\u201cThe impossible does not exist\u201d is something I often say. This book proves that it is true.<\/p>\n<p><strong>Martyna Wojciechowska<\/strong><\/p>\n\n\t\t<\/div>\n\t<\/div>\n        <\/div>\n    <\/div>\n<\/div><\/div><\/div><\/div><\/div><div class=\"wpb_column vc_column_container vc_col-sm-4\"><div class=\"vc_column-inner\"><div class=\"wpb_wrapper\"><div class=\"edgtf-elements-holder   edgtf-one-column  edgtf-responsive-mode-768\" ><div class=\"edgtf-eh-item\"  data-item-class=\"edgtf-eh-custom-5007\">\n    <div class=\"edgtf-eh-item-inner\">\n        <div class=\"edgtf-eh-item-content edgtf-eh-custom-5007\" >\n            \n\t<div  class=\"wpb_single_image wpb_content_element vc_align_left wpb_content_element vc_custom_1577124992846\">\n\t\t\n\t\t<figure class=\"wpb_wrapper vc_figure\">\n\t\t\t<div class=\"vc_single_image-wrapper   vc_box_border_grey\"><img width=\"549\" height=\"640\" src=\"https:\/\/michalworoch.com\/wp-content\/uploads\/2019\/12\/Piotr-Chmielin\u0301skio.jpg\" class=\"vc_single_image-img attachment-full\" alt=\"\" decoding=\"async\" title=\"Piotr Chmielin\u0301skio\" loading=\"lazy\" srcset=\"https:\/\/michalworoch.com\/wp-content\/uploads\/2019\/12\/Piotr-Chmielin\u0301skio.jpg 549w, https:\/\/michalworoch.com\/wp-content\/uploads\/2019\/12\/Piotr-Chmielin\u0301skio-257x300.jpg 257w\" sizes=\"(max-width: 549px) 100vw, 549px\" \/><\/div>\n\t\t<\/figure>\n\t<\/div>\n\n\t<div class=\"wpb_text_column wpb_content_element vc_custom_1577125234227\" >\n\t\t<div class=\"wpb_wrapper\">\n\t\t\t<p>Micha\u0142 Woroch writes with great sensitivity, humility and a healthy distance from the world. Step by Step reads like an adventure novel, but at the same time it makes you reflect on how much we have, even though we sometimes forget it.\n\nIt is a story about a positive kind of madness, friendship and determination, the kind that makes it possible to overcome every obstacle. Especially the ones that exist in our own minds.\n\n\u201cThe impossible does not exist\u201d is a sentence I often repeat. This book proves that it is true.<\/p>\n<p><strong>Piotr Chmieli\u0144ski<\/strong><\/p>\n\n\t\t<\/div>\n\t<\/div>\n        <\/div>\n    <\/div>\n<\/div><\/div><\/div><\/div><\/div><div class=\"wpb_column vc_column_container vc_col-sm-4\"><div class=\"vc_column-inner\"><div class=\"wpb_wrapper\"><div class=\"edgtf-elements-holder   edgtf-one-column  edgtf-responsive-mode-768\" ><div class=\"edgtf-eh-item\"  data-item-class=\"edgtf-eh-custom-5939\">\n    <div class=\"edgtf-eh-item-inner\">\n        <div class=\"edgtf-eh-item-content edgtf-eh-custom-5939\" >\n            \n\t<div  class=\"wpb_single_image wpb_content_element vc_align_left wpb_content_element vc_custom_1577125002509\">\n\t\t\n\t\t<figure class=\"wpb_wrapper vc_figure\">\n\t\t\t<div class=\"vc_single_image-wrapper   vc_box_border_grey\"><img width=\"600\" height=\"700\" src=\"https:\/\/michalworoch.com\/wp-content\/uploads\/2019\/12\/Micha\u0142_Nogas\u0301_fot.jpg\" class=\"vc_single_image-img attachment-full\" alt=\"\" decoding=\"async\" title=\"Ma\u0142gorzata Szejnert\" loading=\"lazy\" srcset=\"https:\/\/michalworoch.com\/wp-content\/uploads\/2019\/12\/Micha\u0142_Nogas\u0301_fot.jpg 600w, https:\/\/michalworoch.com\/wp-content\/uploads\/2019\/12\/Micha\u0142_Nogas\u0301_fot-257x300.jpg 257w\" sizes=\"(max-width: 600px) 100vw, 600px\" \/><\/div>\n\t\t<\/figure>\n\t<\/div>\n\n\t<div class=\"wpb_text_column wpb_content_element vc_custom_1577125263578\" >\n\t\t<div class=\"wpb_wrapper\">\n\t\t\t<p>I read this book with admiration. Admiration for the courage and determination of its heroes, for the beautifully told stories and the stunning photographs.\n\nBut most of all, I read it with admiration for the author, who proves, not only on this journey and not only in the pages of this story, that life is worth taking in fully, even when it brings worries, pain and uncertainty.\n\nI am very glad that fate brought Micha\u0142 into my life years ago. Now it is your turn. Take a closer look at Woroch. He is a wonderful, lovable madman.<\/p>\n<p><strong>Micha\u0142 Noga\u015b<\/strong><\/p>\n\n\t\t<\/div>\n\t<\/div>\n        <\/div>\n    <\/div>\n<\/div><\/div><\/div><\/div><\/div><\/div><\/div><\/div><div class=\"edgtf-row-grid-section-wrapper\"  ><div class=\"edgtf-row-grid-section\"><div class=\"vc_row wpb_row vc_row-fluid vc_custom_1577015744247\" ><div class=\"wpb_column vc_column_container vc_col-sm-12 vc_col-lg-6 vc_col-md-12\"><div class=\"vc_column-inner\"><div class=\"wpb_wrapper\"><div class=\"edgtf-elements-holder   edgtf-one-column  edgtf-responsive-mode-768\" ><div class=\"edgtf-eh-item\"  data-item-class=\"edgtf-eh-custom-9996\" data-1025-1366=\"31px 3px 0 0px\">\n    <div class=\"edgtf-eh-item-inner\">\n        <div class=\"edgtf-eh-item-content edgtf-eh-custom-9996\" style=\"padding: 31px 13px 0 0px\">\n            \n\t<div  class=\"wpb_single_image wpb_content_element vc_align_left wpb_content_element\">\n\t\t\n\t\t<figure class=\"wpb_wrapper vc_figure\">\n\t\t\t<div class=\"vc_single_image-wrapper   vc_box_border_grey\"><img width=\"1936\" height=\"1452\" src=\"https:\/\/michalworoch.com\/wp-content\/uploads\/2021\/02\/michal-woroch-ksiazka.jpg\" class=\"vc_single_image-img attachment-full\" alt=\"Micha\u0142-Woroch-podpisuje-ksi\u0105\u017cka\" decoding=\"async\" title=\"michal-woroch-ksiazka\" loading=\"lazy\" srcset=\"https:\/\/michalworoch.com\/wp-content\/uploads\/2021\/02\/michal-woroch-ksiazka.jpg 1936w, https:\/\/michalworoch.com\/wp-content\/uploads\/2021\/02\/michal-woroch-ksiazka-300x225.jpg 300w, https:\/\/michalworoch.com\/wp-content\/uploads\/2021\/02\/michal-woroch-ksiazka-1024x768.jpg 1024w, https:\/\/michalworoch.com\/wp-content\/uploads\/2021\/02\/michal-woroch-ksiazka-768x576.jpg 768w, https:\/\/michalworoch.com\/wp-content\/uploads\/2021\/02\/michal-woroch-ksiazka-1536x1152.jpg 1536w\" sizes=\"(max-width: 1936px) 100vw, 1936px\" \/><\/div>\n\t\t<\/figure>\n\t<\/div>\n        <\/div>\n    <\/div>\n<\/div><\/div><\/div><\/div><\/div><div class=\"wpb_column vc_column_container vc_col-sm-12 vc_col-lg-6 vc_col-md-12\"><div class=\"vc_column-inner\"><div class=\"wpb_wrapper\"><div class=\"edgtf-elements-holder   edgtf-one-column  edgtf-responsive-mode-768\" ><div class=\"edgtf-eh-item\"  data-item-class=\"edgtf-eh-custom-4029\" data-1025-1366=\"31px 3px 0 0px\">\n    <div class=\"edgtf-eh-item-inner\">\n        <div class=\"edgtf-eh-item-content edgtf-eh-custom-4029\" style=\"padding: 31px 13px 0 0px\">\n            <div class=\"edgtf-section-title-holder  edgtf-st-standard edgtf-st-title-left edgtf-st-normal-space edgtf-st-disable-title-break\" >\n    <div class=\"edgtf-st-inner\">\n                <h2 class=\"edgtf-st-title\" >\n        In wheelchairs<br \/> Across both Americas in wheelchairs. Micha\u0142 Woroch\u2019s story on Radio Ksi\u0105\u017cki    <\/h2>\n            <p class=\"edgtf-st-text\" style=\"margin-top: 30px\">\n    Micha\u0142 Noga\u015b 3 kwietnia 2019<\/p>\n<\/div>\n<\/div><div class=\"vc_empty_space\"   style=\"height: 50px\"><span class=\"vc_empty_space_inner\"><\/span><\/div>        <\/div>\n    <\/div>\n<\/div><\/div><div class=\"edgtf-elements-holder   edgtf-one-column  edgtf-responsive-mode-768\" ><div class=\"edgtf-eh-item   edgtf-horizontal-alignment-right\"  data-item-class=\"edgtf-eh-custom-3130\" data-1025-1366=\"31px 3px 0 0px\">\n    <div class=\"edgtf-eh-item-inner\">\n        <div class=\"edgtf-eh-item-content edgtf-eh-custom-3130\" style=\"padding: 31px 13px 0 0px\">\n            <a itemprop=\"url\" href=\"https:\/\/wyborcza.pl\/ksiazki\/7,163351,24606763,na-wozkach-inwalidzkich-przez-obie-ameryki-opowiesc-michala.html\" target=\"_blank\"  class=\"edgtf-btn edgtf-btn-medium edgtf-btn-outline\"  >\n            <span class=\"edgtf-btn-text\">pos\u0142uchaj<\/span>\n            <\/a>        <\/div>\n    <\/div>\n<\/div><\/div><\/div><\/div><\/div><\/div><\/div><\/div>\n<\/div>","protected":false},"excerpt":{"rendered":"Krok po kroku Z Ziemi Ognistej na Alask\u0119. Ksi\u0105\u017cka podr\u00f3\u017cnicza Krok po kroku to relacja dw\u00f3ch przyjaci\u00f3\u0142, kt\u00f3rzy przystosowanym do ich potrzeb land roverem defenderem pokonali tras\u0119 prowadz\u0105c\u0105 przez obie Ameryki. Szybko okaza\u0142o si\u0119, \u017ce podr\u00f3\u017c sta\u0142a si\u0119 sposobem lepszego zrozumienia siebie, prze\u0142amywania strachu i pogodzenia z w\u0142asn\u0105 niepe\u0142nosprawno\u015bci\u0105. Ale Krok po kroku to nie tylko opis rocznej w\u0119dr\u00f3wki z [...]","protected":false},"author":1,"featured_media":0,"parent":0,"menu_order":0,"comment_status":"closed","ping_status":"closed","template":"full-width.php","meta":{"footnotes":""},"yoast_head":"<!-- This site is optimized with the Yoast SEO plugin v22.3 - https:\/\/yoast.com\/wordpress\/plugins\/seo\/ -->\n<title>ksi\u0105\u017cka podr\u00f3znicza - Krok po kroku &#8212; Micha\u0142 Woroch<\/title>\n<meta name=\"description\" content=\"Ksi\u0105\u017cka podr\u00f3\u017cnicza - Krok po kroku z Ziemi Ognistej na Alask\u0119 to relacja dw\u00f3ch przyjaci\u00f3\u0142, kt\u00f3rzy LR defenderem pokonali tras\u0119 prowadz\u0105c\u0105 przez Ameryki\" \/>\n<meta name=\"robots\" content=\"index, follow, max-snippet:-1, max-image-preview:large, max-video-preview:-1\" \/>\n<link rel=\"canonical\" href=\"https:\/\/michalworoch.com\/en\/ksiazka\/\" \/>\n<meta property=\"og:locale\" content=\"en_US\" \/>\n<meta property=\"og:type\" content=\"article\" \/>\n<meta property=\"og:title\" content=\"ksi\u0105\u017cka podr\u00f3znicza - Krok po kroku &#8212; Micha\u0142 Woroch\" \/>\n<meta property=\"og:description\" content=\"Ksi\u0105\u017cka podr\u00f3\u017cnicza - Krok po kroku z Ziemi Ognistej na Alask\u0119 to relacja dw\u00f3ch przyjaci\u00f3\u0142, kt\u00f3rzy LR defenderem pokonali tras\u0119 prowadz\u0105c\u0105 przez Ameryki\" \/>\n<meta property=\"og:url\" content=\"https:\/\/michalworoch.com\/en\/ksiazka\/\" \/>\n<meta property=\"og:site_name\" content=\"Micha\u0142 Woroch\" \/>\n<meta property=\"article:publisher\" content=\"https:\/\/www.facebook.com\/wheelchairtrip\" \/>\n<meta property=\"article:modified_time\" content=\"2021-02-01T20:19:29+00:00\" \/>\n<meta name=\"twitter:card\" content=\"summary_large_image\" \/>\n<meta name=\"twitter:label1\" content=\"Est. reading time\" \/>\n\t<meta name=\"twitter:data1\" content=\"5 minutes\" \/>\n<script type=\"application\/ld+json\" class=\"yoast-schema-graph\">{\"@context\":\"https:\/\/schema.org\",\"@graph\":[{\"@type\":\"WebPage\",\"@id\":\"https:\/\/michalworoch.com\/ksiazka\/\",\"url\":\"https:\/\/michalworoch.com\/ksiazka\/\",\"name\":\"ksi\u0105\u017cka podr\u00f3znicza - Krok po kroku &#8212; Micha\u0142 Woroch\",\"isPartOf\":{\"@id\":\"https:\/\/michalworoch.com\/#website\"},\"datePublished\":\"2018-05-29T08:50:09+00:00\",\"dateModified\":\"2021-02-01T20:19:29+00:00\",\"description\":\"Ksi\u0105\u017cka podr\u00f3\u017cnicza - Krok po kroku z Ziemi Ognistej na Alask\u0119 to relacja dw\u00f3ch przyjaci\u00f3\u0142, kt\u00f3rzy LR defenderem pokonali tras\u0119 prowadz\u0105c\u0105 przez Ameryki\",\"breadcrumb\":{\"@id\":\"https:\/\/michalworoch.com\/ksiazka\/#breadcrumb\"},\"inLanguage\":\"en-US\",\"potentialAction\":[{\"@type\":\"ReadAction\",\"target\":[\"https:\/\/michalworoch.com\/ksiazka\/\"]}]},{\"@type\":\"BreadcrumbList\",\"@id\":\"https:\/\/michalworoch.com\/ksiazka\/#breadcrumb\",\"itemListElement\":[{\"@type\":\"ListItem\",\"position\":1,\"name\":\"Strona g\u0142\u00f3wna\",\"item\":\"https:\/\/michalworoch.com\/\"},{\"@type\":\"ListItem\",\"position\":2,\"name\":\"ksi\u0105\u017cka\"}]},{\"@type\":\"WebSite\",\"@id\":\"https:\/\/michalworoch.com\/#website\",\"url\":\"https:\/\/michalworoch.com\/\",\"name\":\"Micha\u0142 Woroch - Wheelchairtrip\",\"description\":\"Micha\u0142 Woroch\",\"potentialAction\":[{\"@type\":\"SearchAction\",\"target\":{\"@type\":\"EntryPoint\",\"urlTemplate\":\"https:\/\/michalworoch.com\/?s={search_term_string}\"},\"query-input\":\"required name=search_term_string\"}],\"inLanguage\":\"en-US\"}]}<\/script>\n<!-- \/ Yoast SEO plugin. -->","yoast_head_json":{"title":"ksi\u0105\u017cka podr\u00f3znicza - Krok po kroku &#8212; Micha\u0142 Woroch","description":"Ksi\u0105\u017cka podr\u00f3\u017cnicza - Krok po kroku z Ziemi Ognistej na Alask\u0119 to relacja dw\u00f3ch przyjaci\u00f3\u0142, kt\u00f3rzy LR defenderem pokonali tras\u0119 prowadz\u0105c\u0105 przez Ameryki","robots":{"index":"index","follow":"follow","max-snippet":"max-snippet:-1","max-image-preview":"max-image-preview:large","max-video-preview":"max-video-preview:-1"},"canonical":"https:\/\/michalworoch.com\/en\/ksiazka\/","og_locale":"en_US","og_type":"article","og_title":"ksi\u0105\u017cka podr\u00f3znicza - Krok po kroku &#8212; Micha\u0142 Woroch","og_description":"Ksi\u0105\u017cka podr\u00f3\u017cnicza - Krok po kroku z Ziemi Ognistej na Alask\u0119 to relacja dw\u00f3ch przyjaci\u00f3\u0142, kt\u00f3rzy LR defenderem pokonali tras\u0119 prowadz\u0105c\u0105 przez Ameryki","og_url":"https:\/\/michalworoch.com\/en\/ksiazka\/","og_site_name":"Micha\u0142 Woroch","article_publisher":"https:\/\/www.facebook.com\/wheelchairtrip","article_modified_time":"2021-02-01T20:19:29+00:00","twitter_card":"summary_large_image","twitter_misc":{"Est. reading time":"5 minutes"},"schema":{"@context":"https:\/\/schema.org","@graph":[{"@type":"WebPage","@id":"https:\/\/michalworoch.com\/ksiazka\/","url":"https:\/\/michalworoch.com\/ksiazka\/","name":"ksi\u0105\u017cka podr\u00f3znicza - Krok po kroku &#8212; Micha\u0142 Woroch","isPartOf":{"@id":"https:\/\/michalworoch.com\/#website"},"datePublished":"2018-05-29T08:50:09+00:00","dateModified":"2021-02-01T20:19:29+00:00","description":"Ksi\u0105\u017cka podr\u00f3\u017cnicza - Krok po kroku z Ziemi Ognistej na Alask\u0119 to relacja dw\u00f3ch przyjaci\u00f3\u0142, kt\u00f3rzy LR defenderem pokonali tras\u0119 prowadz\u0105c\u0105 przez Ameryki","breadcrumb":{"@id":"https:\/\/michalworoch.com\/ksiazka\/#breadcrumb"},"inLanguage":"en-US","potentialAction":[{"@type":"ReadAction","target":["https:\/\/michalworoch.com\/ksiazka\/"]}]},{"@type":"BreadcrumbList","@id":"https:\/\/michalworoch.com\/ksiazka\/#breadcrumb","itemListElement":[{"@type":"ListItem","position":1,"name":"Strona g\u0142\u00f3wna","item":"https:\/\/michalworoch.com\/"},{"@type":"ListItem","position":2,"name":"ksi\u0105\u017cka"}]},{"@type":"WebSite","@id":"https:\/\/michalworoch.com\/#website","url":"https:\/\/michalworoch.com\/","name":"Micha\u0142 Woroch - Wheelchairtrip","description":"Micha\u0142 Woroch","potentialAction":[{"@type":"SearchAction","target":{"@type":"EntryPoint","urlTemplate":"https:\/\/michalworoch.com\/?s={search_term_string}"},"query-input":"required name=search_term_string"}],"inLanguage":"en-US"}]}},"_links":{"self":[{"href":"https:\/\/michalworoch.com\/en\/wp-json\/wp\/v2\/pages\/2479"}],"collection":[{"href":"https:\/\/michalworoch.com\/en\/wp-json\/wp\/v2\/pages"}],"about":[{"href":"https:\/\/michalworoch.com\/en\/wp-json\/wp\/v2\/types\/page"}],"author":[{"embeddable":true,"href":"https:\/\/michalworoch.com\/en\/wp-json\/wp\/v2\/users\/1"}],"replies":[{"embeddable":true,"href":"https:\/\/michalworoch.com\/en\/wp-json\/wp\/v2\/comments?post=2479"}],"version-history":[{"count":65,"href":"https:\/\/michalworoch.com\/en\/wp-json\/wp\/v2\/pages\/2479\/revisions"}],"predecessor-version":[{"id":4704,"href":"https:\/\/michalworoch.com\/en\/wp-json\/wp\/v2\/pages\/2479\/revisions\/4704"}],"wp:attachment":[{"href":"https:\/\/michalworoch.com\/en\/wp-json\/wp\/v2\/media?parent=2479"}],"curies":[{"name":"wp","href":"https:\/\/api.w.org\/{rel}","templated":true}]}}