{"id":4023,"date":"2020-01-10T19:47:57","date_gmt":"2020-01-10T18:47:57","guid":{"rendered":"https:\/\/michalworoch.com\/?page_id=4023"},"modified":"2020-01-10T20:19:42","modified_gmt":"2020-01-10T19:19:42","slug":"takeawayphotos","status":"publish","type":"page","link":"https:\/\/michalworoch.com\/en\/takeawayphotos\/","title":{"rendered":"takeawayphotos"},"content":{"rendered":"<div class=\"wpb-content-wrapper\"><div class=\"vc_row wpb_row vc_row-fluid vc_custom_1577037323647\" ><div class=\"wpb_column vc_column_container vc_col-sm-12\"><div class=\"vc_column-inner\"><div class=\"wpb_wrapper\"><div class=\"edgtf-elements-holder   edgtf-one-column  edgtf-responsive-mode-768\" ><div class=\"edgtf-eh-item\"  data-item-class=\"edgtf-eh-custom-7025\" data-680=\"0px 25px 0px 25px\">\n    <div class=\"edgtf-eh-item-inner\">\n        <div class=\"edgtf-eh-item-content edgtf-eh-custom-7025\" style=\"padding: 0px 45px 0px 45px\">\n            \n\t<div  class=\"wpb_single_image wpb_content_element vc_align_left wpb_content_element\">\n\t\t\n\t\t<figure class=\"wpb_wrapper vc_figure\">\n\t\t\t<div class=\"vc_single_image-wrapper   vc_box_border_grey\"><img width=\"1920\" height=\"870\" src=\"https:\/\/michalworoch.com\/wp-content\/uploads\/2020\/01\/tf_001.jpg\" class=\"vc_single_image-img attachment-full\" alt=\"\" decoding=\"async\" title=\"tf_001\" loading=\"lazy\" srcset=\"https:\/\/michalworoch.com\/wp-content\/uploads\/2020\/01\/tf_001.jpg 1920w, https:\/\/michalworoch.com\/wp-content\/uploads\/2020\/01\/tf_001-300x136.jpg 300w, https:\/\/michalworoch.com\/wp-content\/uploads\/2020\/01\/tf_001-1024x464.jpg 1024w, https:\/\/michalworoch.com\/wp-content\/uploads\/2020\/01\/tf_001-768x348.jpg 768w, https:\/\/michalworoch.com\/wp-content\/uploads\/2020\/01\/tf_001-1536x696.jpg 1536w\" sizes=\"(max-width: 1920px) 100vw, 1920px\" \/><\/div>\n\t\t<\/figure>\n\t<\/div>\n        <\/div>\n    <\/div>\n<\/div><\/div><\/div><\/div><\/div><\/div><div class=\"edgtf-row-grid-section-wrapper\"  style=\"background-color:#ffffff\"><div class=\"edgtf-row-grid-section\"><div class=\"vc_row wpb_row vc_row-fluid vc_custom_1577037816229\" ><div class=\"wpb_column vc_column_container vc_col-sm-12 vc_col-lg-8 vc_col-md-12\"><div class=\"vc_column-inner\"><div class=\"wpb_wrapper\"><div class=\"edgtf-elements-holder   edgtf-one-column  edgtf-responsive-mode-768\" ><div class=\"edgtf-eh-item\"  data-item-class=\"edgtf-eh-custom-6968\" data-1367-1600=\"0px 255px 0px 0\" data-1025-1366=\"0px 121px 0px 0px\" data-769-1024=\"0px 310px 0 0px\" data-681-768=\"0px 0px 0px 0px\" data-680=\"0px 2px 0px 0px\">\n    <div class=\"edgtf-eh-item-inner\">\n        <div class=\"edgtf-eh-item-content edgtf-eh-custom-6968\" style=\"padding: 0px 255px 0px 0\">\n            \n\t<div class=\"wpb_text_column wpb_content_element\" >\n\t\t<div class=\"wpb_wrapper\">\n\t\t\t<h1>Takeaway photos<\/h1>\n\n\t\t<\/div>\n\t<\/div>\n<div class=\"vc_empty_space\"   style=\"height: 1px\"><span class=\"vc_empty_space_inner\"><\/span><\/div>\n\t<div class=\"wpb_text_column wpb_content_element\" >\n\t\t<div class=\"wpb_wrapper\">\n\t\t\t<h2>Norway 2013<\/h2>\n\n\t\t<\/div>\n\t<\/div>\n        <\/div>\n    <\/div>\n<\/div><\/div><\/div><\/div><\/div><\/div><\/div><\/div><div class=\"edgtf-row-grid-section-wrapper\"  ><div class=\"edgtf-row-grid-section\"><div class=\"vc_row wpb_row vc_row-fluid vc_custom_1577018840250\" ><div class=\"wpb_column vc_column_container vc_col-sm-12 vc_col-lg-6 vc_col-md-12\"><div class=\"vc_column-inner\"><div class=\"wpb_wrapper\"><div class=\"edgtf-elements-holder   edgtf-one-column  edgtf-responsive-mode-768\" ><div class=\"edgtf-eh-item\"  data-item-class=\"edgtf-eh-custom-7286\" data-1025-1366=\"31px 3px 0 0px\">\n    <div class=\"edgtf-eh-item-inner\">\n        <div class=\"edgtf-eh-item-content edgtf-eh-custom-7286\" style=\"padding: 31px 13px 0 0px\">\n            <div class=\"edgtf-section-title-holder  edgtf-st-standard edgtf-st-title-left edgtf-st-normal-space\" >\n    <div class=\"edgtf-st-inner\">\n                <p class=\"edgtf-st-text\" style=\"margin-top: 30px\">\n    \u201cTakeaway fotos\u201d is a journey into the unknown as a method and human interaction as a goal. The exploration of Norway with a large-format camera is a return to the idea of the itinerant photographer who, like in 19th-century America, must first gain the trust of the locals before pressing the shutter button. The expedition by Wr\u0119ga and Woroch is an artistic endeavor calculated for the honesty and uncompromising nature of the photographic medium. Therefore, contact with people is so important \u2013 after all, each of the subjects will be gifted their own likeness. And not everyone is ready for it. The project was carried out in August and September 2013. Together with Piotr Wr\u0119ga.<\/p>\n<\/div>\n<\/div>        <\/div>\n    <\/div>\n<\/div><\/div><\/div><\/div><\/div><div class=\"wpb_column vc_column_container vc_col-sm-12 vc_col-lg-6 vc_col-md-12\"><div class=\"vc_column-inner\"><div class=\"wpb_wrapper\"><div class=\"edgtf-elements-holder   edgtf-one-column  edgtf-responsive-mode-768\" ><div class=\"edgtf-eh-item\"  data-item-class=\"edgtf-eh-custom-7747\" data-1025-1366=\"31px 3px 0 0px\">\n    <div class=\"edgtf-eh-item-inner\">\n        <div class=\"edgtf-eh-item-content edgtf-eh-custom-7747\" style=\"padding: 31px 13px 0 0px\">\n            \n\t<div  class=\"wpb_single_image wpb_content_element vc_align_left wpb_content_element\">\n\t\t\n\t\t<figure class=\"wpb_wrapper vc_figure\">\n\t\t\t<div class=\"vc_single_image-wrapper   vc_box_border_grey\"><img width=\"600\" height=\"324\" src=\"https:\/\/michalworoch.com\/wp-content\/uploads\/2020\/01\/nor_.jpg\" class=\"vc_single_image-img attachment-full\" alt=\"\" decoding=\"async\" title=\"Northern\" loading=\"lazy\" srcset=\"https:\/\/michalworoch.com\/wp-content\/uploads\/2020\/01\/nor_.jpg 600w, https:\/\/michalworoch.com\/wp-content\/uploads\/2020\/01\/nor_-300x162.jpg 300w\" sizes=\"(max-width: 600px) 100vw, 600px\" \/><\/div>\n\t\t<\/figure>\n\t<\/div>\n        <\/div>\n    <\/div>\n<\/div><\/div><\/div><\/div><\/div><\/div><\/div><\/div><div class=\"vc_row wpb_row vc_row-fluid vc_custom_1577039250509\" ><div class=\"wpb_column vc_column_container vc_col-sm-12\"><div class=\"vc_column-inner\"><div class=\"wpb_wrapper\"><\/div><\/div><\/div><\/div><div class=\"vc_row wpb_row vc_row-fluid vc_custom_1577039250509\" ><div class=\"wpb_column vc_column_container vc_col-sm-12\"><div class=\"vc_column-inner\"><div class=\"wpb_wrapper\"><div class=\"edgtf-elements-holder   edgtf-one-column  edgtf-responsive-mode-768\" ><div class=\"edgtf-eh-item\"  data-item-class=\"edgtf-eh-custom-2678\" data-680=\"0px 25px 0px 25px\">\n    <div class=\"edgtf-eh-item-inner\">\n        <div class=\"edgtf-eh-item-content edgtf-eh-custom-2678\" style=\"padding: 0px 45px 0px 45px\">\n            \n\t<div  class=\"wpb_single_image wpb_content_element vc_align_left wpb_content_element\">\n\t\t\n\t\t<figure class=\"wpb_wrapper vc_figure\">\n\t\t\t<div class=\"vc_single_image-wrapper   vc_box_border_grey\"><img width=\"1920\" height=\"1280\" src=\"https:\/\/michalworoch.com\/wp-content\/uploads\/2020\/01\/tf_002.jpg\" class=\"vc_single_image-img attachment-full\" alt=\"\" decoding=\"async\" title=\"tf_002\" loading=\"lazy\" srcset=\"https:\/\/michalworoch.com\/wp-content\/uploads\/2020\/01\/tf_002.jpg 1920w, https:\/\/michalworoch.com\/wp-content\/uploads\/2020\/01\/tf_002-300x200.jpg 300w, https:\/\/michalworoch.com\/wp-content\/uploads\/2020\/01\/tf_002-1024x683.jpg 1024w, https:\/\/michalworoch.com\/wp-content\/uploads\/2020\/01\/tf_002-768x512.jpg 768w, https:\/\/michalworoch.com\/wp-content\/uploads\/2020\/01\/tf_002-1536x1024.jpg 1536w\" sizes=\"(max-width: 1920px) 100vw, 1920px\" \/><\/div>\n\t\t<\/figure>\n\t<\/div>\n        <\/div>\n    <\/div>\n<\/div><\/div><\/div><\/div><\/div><\/div><div class=\"vc_row wpb_row vc_row-fluid vc_custom_1577121158776\" ><div class=\"wpb_column vc_column_container vc_col-sm-6\"><div class=\"vc_column-inner vc_custom_1577120800234\"><div class=\"wpb_wrapper\"><div class=\"edgtf-elements-holder   edgtf-one-column  edgtf-responsive-mode-768\" ><div class=\"edgtf-eh-item   edgtf-horizontal-alignment-center\"  data-item-class=\"edgtf-eh-custom-8712\" data-680=\"0px 25px 0px 25px\">\n    <div class=\"edgtf-eh-item-inner\">\n        <div class=\"edgtf-eh-item-content edgtf-eh-custom-8712\" style=\"padding: 0px 0px 0px 45px\">\n            \n\t<div  class=\"wpb_single_image wpb_content_element vc_align_left wpb_content_element\">\n\t\t\n\t\t<figure class=\"wpb_wrapper vc_figure\">\n\t\t\t<div class=\"vc_single_image-wrapper   vc_box_border_grey\"><img width=\"800\" height=\"1200\" src=\"https:\/\/michalworoch.com\/wp-content\/uploads\/2020\/01\/tf_012.jpg\" class=\"vc_single_image-img attachment-full\" alt=\"\" decoding=\"async\" title=\"tf_012\" loading=\"lazy\" srcset=\"https:\/\/michalworoch.com\/wp-content\/uploads\/2020\/01\/tf_012.jpg 800w, https:\/\/michalworoch.com\/wp-content\/uploads\/2020\/01\/tf_012-200x300.jpg 200w, https:\/\/michalworoch.com\/wp-content\/uploads\/2020\/01\/tf_012-683x1024.jpg 683w, https:\/\/michalworoch.com\/wp-content\/uploads\/2020\/01\/tf_012-768x1152.jpg 768w\" sizes=\"(max-width: 800px) 100vw, 800px\" \/><\/div>\n\t\t<\/figure>\n\t<\/div>\n        <\/div>\n    <\/div>\n<\/div><\/div><\/div><\/div><\/div><div class=\"wpb_column vc_column_container vc_col-sm-6\"><div class=\"vc_column-inner\"><div class=\"wpb_wrapper\"><div class=\"edgtf-elements-holder   edgtf-one-column  edgtf-responsive-mode-768\" ><div class=\"edgtf-eh-item   edgtf-horizontal-alignment-center\"  data-item-class=\"edgtf-eh-custom-9724\" data-680=\"0px 25px 0px 25px\">\n    <div class=\"edgtf-eh-item-inner\">\n        <div class=\"edgtf-eh-item-content edgtf-eh-custom-9724\" style=\"padding: 0px 45px 0px 0px\">\n            \n\t<div  class=\"wpb_single_image wpb_content_element vc_align_left wpb_content_element\">\n\t\t\n\t\t<figure class=\"wpb_wrapper vc_figure\">\n\t\t\t<div class=\"vc_single_image-wrapper   vc_box_border_grey\"><img width=\"1600\" height=\"1991\" src=\"https:\/\/michalworoch.com\/wp-content\/uploads\/2020\/01\/tf_006.jpg\" class=\"vc_single_image-img attachment-full\" alt=\"\" decoding=\"async\" title=\"tf_006\" loading=\"lazy\" srcset=\"https:\/\/michalworoch.com\/wp-content\/uploads\/2020\/01\/tf_006.jpg 1600w, https:\/\/michalworoch.com\/wp-content\/uploads\/2020\/01\/tf_006-241x300.jpg 241w, https:\/\/michalworoch.com\/wp-content\/uploads\/2020\/01\/tf_006-823x1024.jpg 823w, https:\/\/michalworoch.com\/wp-content\/uploads\/2020\/01\/tf_006-768x956.jpg 768w, https:\/\/michalworoch.com\/wp-content\/uploads\/2020\/01\/tf_006-1234x1536.jpg 1234w\" sizes=\"(max-width: 1600px) 100vw, 1600px\" \/><\/div>\n\t\t<\/figure>\n\t<\/div>\n        <\/div>\n    <\/div>\n<\/div><\/div><\/div><\/div><\/div><\/div><div class=\"vc_row wpb_row vc_row-fluid vc_custom_1577039250509\" ><div class=\"wpb_column vc_column_container vc_col-sm-12\"><div class=\"vc_column-inner\"><div class=\"wpb_wrapper\"><div class=\"edgtf-elements-holder   edgtf-one-column  edgtf-responsive-mode-768\" ><div class=\"edgtf-eh-item\"  data-item-class=\"edgtf-eh-custom-8230\" data-680=\"0px 25px 0px 25px\">\n    <div class=\"edgtf-eh-item-inner\">\n        <div class=\"edgtf-eh-item-content edgtf-eh-custom-8230\" style=\"padding: 0px 45px 0px 45px\">\n            \n\t<div  class=\"wpb_single_image wpb_content_element vc_align_left wpb_content_element\">\n\t\t\n\t\t<figure class=\"wpb_wrapper vc_figure\">\n\t\t\t<div class=\"vc_single_image-wrapper   vc_box_border_grey\"><img width=\"1920\" height=\"1067\" src=\"https:\/\/michalworoch.com\/wp-content\/uploads\/2020\/01\/tf_005.jpg\" class=\"vc_single_image-img attachment-full\" alt=\"\" decoding=\"async\" title=\"tf_005\" loading=\"lazy\" srcset=\"https:\/\/michalworoch.com\/wp-content\/uploads\/2020\/01\/tf_005.jpg 1920w, https:\/\/michalworoch.com\/wp-content\/uploads\/2020\/01\/tf_005-300x167.jpg 300w, https:\/\/michalworoch.com\/wp-content\/uploads\/2020\/01\/tf_005-1024x569.jpg 1024w, https:\/\/michalworoch.com\/wp-content\/uploads\/2020\/01\/tf_005-768x427.jpg 768w, https:\/\/michalworoch.com\/wp-content\/uploads\/2020\/01\/tf_005-1536x854.jpg 1536w\" sizes=\"(max-width: 1920px) 100vw, 1920px\" \/><\/div>\n\t\t<\/figure>\n\t<\/div>\n        <\/div>\n    <\/div>\n<\/div><\/div><\/div><\/div><\/div><\/div><div class=\"vc_row wpb_row vc_row-fluid vc_custom_1577121142618\" ><div class=\"wpb_column vc_column_container vc_col-sm-6\"><div class=\"vc_column-inner vc_custom_1577121258872\"><div class=\"wpb_wrapper\"><div class=\"edgtf-elements-holder   edgtf-one-column  edgtf-responsive-mode-768\" ><div class=\"edgtf-eh-item   edgtf-horizontal-alignment-center\"  data-item-class=\"edgtf-eh-custom-5589\" data-680=\"0px 25px 0px 25px\">\n    <div class=\"edgtf-eh-item-inner\">\n        <div class=\"edgtf-eh-item-content edgtf-eh-custom-5589\" style=\"padding: 0px 0px 0px 45px\">\n            \n\t<div  class=\"wpb_single_image wpb_content_element vc_align_left wpb_content_element\">\n\t\t\n\t\t<figure class=\"wpb_wrapper vc_figure\">\n\t\t\t<div class=\"vc_single_image-wrapper   vc_box_border_grey\"><img width=\"900\" height=\"772\" src=\"https:\/\/michalworoch.com\/wp-content\/uploads\/2020\/01\/tf_013.jpg\" class=\"vc_single_image-img attachment-full\" alt=\"\" decoding=\"async\" title=\"tf_013\" loading=\"lazy\" srcset=\"https:\/\/michalworoch.com\/wp-content\/uploads\/2020\/01\/tf_013.jpg 900w, https:\/\/michalworoch.com\/wp-content\/uploads\/2020\/01\/tf_013-300x257.jpg 300w, https:\/\/michalworoch.com\/wp-content\/uploads\/2020\/01\/tf_013-768x659.jpg 768w\" sizes=\"(max-width: 900px) 100vw, 900px\" \/><\/div>\n\t\t<\/figure>\n\t<\/div>\n        <\/div>\n    <\/div>\n<\/div><\/div><\/div><\/div><\/div><div class=\"wpb_column vc_column_container vc_col-sm-6\"><div class=\"vc_column-inner\"><div class=\"wpb_wrapper\"><div class=\"edgtf-elements-holder   edgtf-one-column  edgtf-responsive-mode-768\" ><div class=\"edgtf-eh-item   edgtf-horizontal-alignment-center\"  data-item-class=\"edgtf-eh-custom-7677\" data-680=\"0px 25px 0px 25px\">\n    <div class=\"edgtf-eh-item-inner\">\n        <div class=\"edgtf-eh-item-content edgtf-eh-custom-7677\" style=\"padding: 0px 45px 0px 0px\">\n            \n\t<div  class=\"wpb_single_image wpb_content_element vc_align_left wpb_content_element\">\n\t\t\n\t\t<figure class=\"wpb_wrapper vc_figure\">\n\t\t\t<div class=\"vc_single_image-wrapper   vc_box_border_grey\"><img width=\"900\" height=\"772\" src=\"https:\/\/michalworoch.com\/wp-content\/uploads\/2020\/01\/tf_010.jpg\" class=\"vc_single_image-img attachment-full\" alt=\"\" decoding=\"async\" title=\"tf_010\" loading=\"lazy\" srcset=\"https:\/\/michalworoch.com\/wp-content\/uploads\/2020\/01\/tf_010.jpg 900w, https:\/\/michalworoch.com\/wp-content\/uploads\/2020\/01\/tf_010-300x257.jpg 300w, https:\/\/michalworoch.com\/wp-content\/uploads\/2020\/01\/tf_010-768x659.jpg 768w\" sizes=\"(max-width: 900px) 100vw, 900px\" \/><\/div>\n\t\t<\/figure>\n\t<\/div>\n        <\/div>\n    <\/div>\n<\/div><\/div><\/div><\/div><\/div><\/div><div class=\"vc_row wpb_row vc_row-fluid vc_custom_1577039250509\" ><div class=\"wpb_column vc_column_container vc_col-sm-12\"><div class=\"vc_column-inner\"><div class=\"wpb_wrapper\"><div class=\"edgtf-elements-holder   edgtf-one-column  edgtf-responsive-mode-768\" ><div class=\"edgtf-eh-item\"  data-item-class=\"edgtf-eh-custom-4038\" data-680=\"0px 25px 0px 25px\">\n    <div class=\"edgtf-eh-item-inner\">\n        <div class=\"edgtf-eh-item-content edgtf-eh-custom-4038\" style=\"padding: 0px 45px 0px 45px\">\n            \n\t<div  class=\"wpb_single_image wpb_content_element vc_align_left wpb_content_element\">\n\t\t\n\t\t<figure class=\"wpb_wrapper vc_figure\">\n\t\t\t<div class=\"vc_single_image-wrapper   vc_box_border_grey\"><img width=\"1920\" height=\"705\" src=\"https:\/\/michalworoch.com\/wp-content\/uploads\/2020\/01\/tf_007.jpg\" class=\"vc_single_image-img attachment-full\" alt=\"\" decoding=\"async\" title=\"tf_007\" loading=\"lazy\" srcset=\"https:\/\/michalworoch.com\/wp-content\/uploads\/2020\/01\/tf_007.jpg 1920w, https:\/\/michalworoch.com\/wp-content\/uploads\/2020\/01\/tf_007-300x110.jpg 300w, https:\/\/michalworoch.com\/wp-content\/uploads\/2020\/01\/tf_007-1024x376.jpg 1024w, https:\/\/michalworoch.com\/wp-content\/uploads\/2020\/01\/tf_007-768x282.jpg 768w, https:\/\/michalworoch.com\/wp-content\/uploads\/2020\/01\/tf_007-1536x564.jpg 1536w\" sizes=\"(max-width: 1920px) 100vw, 1920px\" \/><\/div>\n\t\t<\/figure>\n\t<\/div>\n        <\/div>\n    <\/div>\n<\/div><\/div><\/div><\/div><\/div><\/div>\n<\/div>","protected":false},"excerpt":{"rendered":"Takeaway photos Norwegia 2013 \u201cTakeaway fotos\u201d to podr\u00f3\u017c w nieznane jako spos\u00f3b i interakcja z cz\u0142owiekem jako cel. Eksprolacja Norwegii z wielkoformatowym apratem to powr\u00f3t do idei fotografa w\u0119drownego, kt\u00f3ry musi, tak jak w XIX-wiecznej Ameryce zdoby\u0107 zaufanie tubylc\u00f3w, zanim naci\u015bnie spust migawki. Wyprawa Wr\u0119gi i Worocha to dzia\u0142anie artystyczne obliczone na szczero\u015b\u0107 i bezkompromisowo\u015b\u0107 fotograficznego medium. Dlatego tak istotny [...]","protected":false},"author":1,"featured_media":0,"parent":0,"menu_order":0,"comment_status":"closed","ping_status":"closed","template":"full-width.php","meta":{"footnotes":""},"yoast_head":"<!-- This site is optimized with the Yoast SEO plugin v22.3 - https:\/\/yoast.com\/wordpress\/plugins\/seo\/ -->\n<title>takeawayphotos &#8212; Micha\u0142 Woroch<\/title>\n<meta name=\"robots\" content=\"index, follow, max-snippet:-1, max-image-preview:large, max-video-preview:-1\" \/>\n<link rel=\"canonical\" href=\"https:\/\/michalworoch.com\/en\/takeawayphotos\/\" \/>\n<meta property=\"og:locale\" content=\"en_US\" \/>\n<meta property=\"og:type\" content=\"article\" \/>\n<meta property=\"og:title\" content=\"takeawayphotos &#8212; Micha\u0142 Woroch\" \/>\n<meta property=\"og:url\" content=\"https:\/\/michalworoch.com\/en\/takeawayphotos\/\" \/>\n<meta property=\"og:site_name\" content=\"Micha\u0142 Woroch\" \/>\n<meta property=\"article:publisher\" content=\"https:\/\/www.facebook.com\/wheelchairtrip\" \/>\n<meta property=\"article:modified_time\" content=\"2020-01-10T19:19:42+00:00\" \/>\n<meta name=\"twitter:card\" content=\"summary_large_image\" \/>\n<meta name=\"twitter:label1\" content=\"Est. reading time\" \/>\n\t<meta name=\"twitter:data1\" content=\"4 minutes\" \/>\n<script type=\"application\/ld+json\" class=\"yoast-schema-graph\">{\"@context\":\"https:\/\/schema.org\",\"@graph\":[{\"@type\":\"WebPage\",\"@id\":\"https:\/\/michalworoch.com\/takeawayphotos\/\",\"url\":\"https:\/\/michalworoch.com\/takeawayphotos\/\",\"name\":\"takeawayphotos &#8212; Micha\u0142 Woroch\",\"isPartOf\":{\"@id\":\"https:\/\/michalworoch.com\/#website\"},\"datePublished\":\"2020-01-10T18:47:57+00:00\",\"dateModified\":\"2020-01-10T19:19:42+00:00\",\"breadcrumb\":{\"@id\":\"https:\/\/michalworoch.com\/takeawayphotos\/#breadcrumb\"},\"inLanguage\":\"en-US\",\"potentialAction\":[{\"@type\":\"ReadAction\",\"target\":[\"https:\/\/michalworoch.com\/takeawayphotos\/\"]}]},{\"@type\":\"BreadcrumbList\",\"@id\":\"https:\/\/michalworoch.com\/takeawayphotos\/#breadcrumb\",\"itemListElement\":[{\"@type\":\"ListItem\",\"position\":1,\"name\":\"Strona g\u0142\u00f3wna\",\"item\":\"https:\/\/michalworoch.com\/\"},{\"@type\":\"ListItem\",\"position\":2,\"name\":\"takeawayphotos\"}]},{\"@type\":\"WebSite\",\"@id\":\"https:\/\/michalworoch.com\/#website\",\"url\":\"https:\/\/michalworoch.com\/\",\"name\":\"Micha\u0142 Woroch - Wheelchairtrip\",\"description\":\"Micha\u0142 Woroch\",\"potentialAction\":[{\"@type\":\"SearchAction\",\"target\":{\"@type\":\"EntryPoint\",\"urlTemplate\":\"https:\/\/michalworoch.com\/?s={search_term_string}\"},\"query-input\":\"required name=search_term_string\"}],\"inLanguage\":\"en-US\"}]}<\/script>\n<!-- \/ Yoast SEO plugin. -->","yoast_head_json":{"title":"takeawayphotos &#8212; Micha\u0142 Woroch","robots":{"index":"index","follow":"follow","max-snippet":"max-snippet:-1","max-image-preview":"max-image-preview:large","max-video-preview":"max-video-preview:-1"},"canonical":"https:\/\/michalworoch.com\/en\/takeawayphotos\/","og_locale":"en_US","og_type":"article","og_title":"takeawayphotos &#8212; Micha\u0142 Woroch","og_url":"https:\/\/michalworoch.com\/en\/takeawayphotos\/","og_site_name":"Micha\u0142 Woroch","article_publisher":"https:\/\/www.facebook.com\/wheelchairtrip","article_modified_time":"2020-01-10T19:19:42+00:00","twitter_card":"summary_large_image","twitter_misc":{"Est. reading time":"4 minutes"},"schema":{"@context":"https:\/\/schema.org","@graph":[{"@type":"WebPage","@id":"https:\/\/michalworoch.com\/takeawayphotos\/","url":"https:\/\/michalworoch.com\/takeawayphotos\/","name":"takeawayphotos &#8212; Micha\u0142 Woroch","isPartOf":{"@id":"https:\/\/michalworoch.com\/#website"},"datePublished":"2020-01-10T18:47:57+00:00","dateModified":"2020-01-10T19:19:42+00:00","breadcrumb":{"@id":"https:\/\/michalworoch.com\/takeawayphotos\/#breadcrumb"},"inLanguage":"en-US","potentialAction":[{"@type":"ReadAction","target":["https:\/\/michalworoch.com\/takeawayphotos\/"]}]},{"@type":"BreadcrumbList","@id":"https:\/\/michalworoch.com\/takeawayphotos\/#breadcrumb","itemListElement":[{"@type":"ListItem","position":1,"name":"Strona g\u0142\u00f3wna","item":"https:\/\/michalworoch.com\/"},{"@type":"ListItem","position":2,"name":"takeawayphotos"}]},{"@type":"WebSite","@id":"https:\/\/michalworoch.com\/#website","url":"https:\/\/michalworoch.com\/","name":"Micha\u0142 Woroch - Wheelchairtrip","description":"Micha\u0142 Woroch","potentialAction":[{"@type":"SearchAction","target":{"@type":"EntryPoint","urlTemplate":"https:\/\/michalworoch.com\/?s={search_term_string}"},"query-input":"required name=search_term_string"}],"inLanguage":"en-US"}]}},"_links":{"self":[{"href":"https:\/\/michalworoch.com\/en\/wp-json\/wp\/v2\/pages\/4023"}],"collection":[{"href":"https:\/\/michalworoch.com\/en\/wp-json\/wp\/v2\/pages"}],"about":[{"href":"https:\/\/michalworoch.com\/en\/wp-json\/wp\/v2\/types\/page"}],"author":[{"embeddable":true,"href":"https:\/\/michalworoch.com\/en\/wp-json\/wp\/v2\/users\/1"}],"replies":[{"embeddable":true,"href":"https:\/\/michalworoch.com\/en\/wp-json\/wp\/v2\/comments?post=4023"}],"version-history":[{"count":8,"href":"https:\/\/michalworoch.com\/en\/wp-json\/wp\/v2\/pages\/4023\/revisions"}],"predecessor-version":[{"id":4041,"href":"https:\/\/michalworoch.com\/en\/wp-json\/wp\/v2\/pages\/4023\/revisions\/4041"}],"wp:attachment":[{"href":"https:\/\/michalworoch.com\/en\/wp-json\/wp\/v2\/media?parent=4023"}],"curies":[{"name":"wp","href":"https:\/\/api.w.org\/{rel}","templated":true}]}}