{"id":4042,"date":"2020-01-10T20:41:07","date_gmt":"2020-01-10T19:41:07","guid":{"rendered":"https:\/\/michalworoch.com\/?page_id=4042"},"modified":"2020-01-10T23:50:26","modified_gmt":"2020-01-10T22:50:26","slug":"kumbhamela","status":"publish","type":"page","link":"https:\/\/michalworoch.com\/en\/kumbhamela\/","title":{"rendered":"kumbhamela"},"content":{"rendered":"<div class=\"wpb-content-wrapper\"><div class=\"vc_row wpb_row vc_row-fluid vc_custom_1577037323647\" ><div class=\"wpb_column vc_column_container vc_col-sm-12\"><div class=\"vc_column-inner\"><div class=\"wpb_wrapper\"><div class=\"edgtf-elements-holder   edgtf-one-column  edgtf-responsive-mode-768\" ><div class=\"edgtf-eh-item\"  data-item-class=\"edgtf-eh-custom-1108\" data-680=\"0px 25px 0px 25px\">\n    <div class=\"edgtf-eh-item-inner\">\n        <div class=\"edgtf-eh-item-content edgtf-eh-custom-1108\" style=\"padding: 0px 45px 0px 45px\">\n            \n\t<div  class=\"wpb_single_image wpb_content_element vc_align_left wpb_content_element\">\n\t\t\n\t\t<figure class=\"wpb_wrapper vc_figure\">\n\t\t\t<div class=\"vc_single_image-wrapper   vc_box_border_grey\"><img width=\"1920\" height=\"1080\" src=\"https:\/\/michalworoch.com\/wp-content\/uploads\/2020\/01\/DSC_6721.jpg\" class=\"vc_single_image-img attachment-full\" alt=\"\" decoding=\"async\" title=\"DSC_6721\" loading=\"lazy\" srcset=\"https:\/\/michalworoch.com\/wp-content\/uploads\/2020\/01\/DSC_6721.jpg 1920w, https:\/\/michalworoch.com\/wp-content\/uploads\/2020\/01\/DSC_6721-300x169.jpg 300w, https:\/\/michalworoch.com\/wp-content\/uploads\/2020\/01\/DSC_6721-1024x576.jpg 1024w, https:\/\/michalworoch.com\/wp-content\/uploads\/2020\/01\/DSC_6721-768x432.jpg 768w, https:\/\/michalworoch.com\/wp-content\/uploads\/2020\/01\/DSC_6721-1536x864.jpg 1536w\" sizes=\"(max-width: 1920px) 100vw, 1920px\" \/><\/div>\n\t\t<\/figure>\n\t<\/div>\n        <\/div>\n    <\/div>\n<\/div><\/div><\/div><\/div><\/div><\/div><div class=\"edgtf-row-grid-section-wrapper\"  style=\"background-color:#ffffff\"><div class=\"edgtf-row-grid-section\"><div class=\"vc_row wpb_row vc_row-fluid vc_custom_1577037816229\" ><div class=\"wpb_column vc_column_container vc_col-sm-12 vc_col-lg-8 vc_col-md-12\"><div class=\"vc_column-inner\"><div class=\"wpb_wrapper\"><div class=\"edgtf-elements-holder   edgtf-one-column  edgtf-responsive-mode-768\" ><div class=\"edgtf-eh-item\"  data-item-class=\"edgtf-eh-custom-6408\" data-1367-1600=\"0px 255px 0px 0\" data-1025-1366=\"0px 121px 0px 0px\" data-769-1024=\"0px 310px 0 0px\" data-681-768=\"0px 0px 0px 0px\" data-680=\"0px 2px 0px 0px\">\n    <div class=\"edgtf-eh-item-inner\">\n        <div class=\"edgtf-eh-item-content edgtf-eh-custom-6408\" style=\"padding: 0px 255px 0px 0\">\n            \n\t<div class=\"wpb_text_column wpb_content_element\" >\n\t\t<div class=\"wpb_wrapper\">\n\t\t\t<h1>Kumbha Mela<\/h1>\n\n\t\t<\/div>\n\t<\/div>\n<div class=\"vc_empty_space\"   style=\"height: 1px\"><span class=\"vc_empty_space_inner\"><\/span><\/div>\n\t<div class=\"wpb_text_column wpb_content_element\" >\n\t\t<div class=\"wpb_wrapper\">\n\t\t\t<h2>Indie 2010<\/h2>\n\n\t\t<\/div>\n\t<\/div>\n        <\/div>\n    <\/div>\n<\/div><\/div><\/div><\/div><\/div><\/div><\/div><\/div><div class=\"edgtf-row-grid-section-wrapper\"  ><div class=\"edgtf-row-grid-section\"><div class=\"vc_row wpb_row vc_row-fluid vc_custom_1577018840250\" ><div class=\"wpb_column vc_column_container vc_col-sm-12 vc_col-lg-6 vc_col-md-12\"><div class=\"vc_column-inner\"><div class=\"wpb_wrapper\"><div class=\"edgtf-elements-holder   edgtf-one-column  edgtf-responsive-mode-768\" ><div class=\"edgtf-eh-item\"  data-item-class=\"edgtf-eh-custom-3346\" data-1025-1366=\"31px 3px 0 0px\">\n    <div class=\"edgtf-eh-item-inner\">\n        <div class=\"edgtf-eh-item-content edgtf-eh-custom-3346\" style=\"padding: 31px 13px 0 0px\">\n            <div class=\"edgtf-section-title-holder  edgtf-st-standard edgtf-st-title-left edgtf-st-normal-space\" >\n    <div class=\"edgtf-st-inner\">\n                <p class=\"edgtf-st-text\" style=\"margin-top: 30px\">\n    An expedition to India to learn about and document the water festival of Kumbh Mela. According to Hindus, the festival should be an occasion to renew ancient Hindu culture, strengthen faith, and put religious commandments into practice for followers.<\/p>\n<\/div>\n<\/div>        <\/div>\n    <\/div>\n<\/div><\/div><\/div><\/div><\/div><div class=\"wpb_column vc_column_container vc_col-sm-12 vc_col-lg-6 vc_col-md-12\"><div class=\"vc_column-inner\"><div class=\"wpb_wrapper\"><div class=\"edgtf-elements-holder   edgtf-one-column  edgtf-responsive-mode-768\" ><div class=\"edgtf-eh-item\"  data-item-class=\"edgtf-eh-custom-4244\" data-1025-1366=\"31px 3px 0 0px\">\n    <div class=\"edgtf-eh-item-inner\">\n        <div class=\"edgtf-eh-item-content edgtf-eh-custom-4244\" style=\"padding: 31px 13px 0 0px\">\n            \n\t<div  class=\"wpb_single_image wpb_content_element vc_align_left wpb_content_element\">\n\t\t\n\t\t<figure class=\"wpb_wrapper vc_figure\">\n\t\t\t<div class=\"vc_single_image-wrapper   vc_box_border_grey\"><img width=\"600\" height=\"324\" src=\"https:\/\/michalworoch.com\/wp-content\/uploads\/2020\/01\/mapa-strona.jpg\" class=\"vc_single_image-img attachment-full\" alt=\"\" decoding=\"async\" title=\"sitemap\" loading=\"lazy\" srcset=\"https:\/\/michalworoch.com\/wp-content\/uploads\/2020\/01\/mapa-strona.jpg 600w, https:\/\/michalworoch.com\/wp-content\/uploads\/2020\/01\/mapa-strona-300x162.jpg 300w\" sizes=\"(max-width: 600px) 100vw, 600px\" \/><\/div>\n\t\t<\/figure>\n\t<\/div>\n        <\/div>\n    <\/div>\n<\/div><\/div><\/div><\/div><\/div><\/div><\/div><\/div><div class=\"vc_row wpb_row vc_row-fluid vc_custom_1577039250509\" ><div class=\"wpb_column vc_column_container vc_col-sm-12\"><div class=\"vc_column-inner\"><div class=\"wpb_wrapper\"><\/div><\/div><\/div><\/div><div class=\"vc_row wpb_row vc_row-fluid vc_custom_1577039250509\" ><div class=\"wpb_column vc_column_container vc_col-sm-12\"><div class=\"vc_column-inner\"><div class=\"wpb_wrapper\"><div class=\"edgtf-elements-holder   edgtf-one-column  edgtf-responsive-mode-768\" ><div class=\"edgtf-eh-item\"  data-item-class=\"edgtf-eh-custom-2464\" data-680=\"0px 25px 0px 25px\">\n    <div class=\"edgtf-eh-item-inner\">\n        <div class=\"edgtf-eh-item-content edgtf-eh-custom-2464\" style=\"padding: 0px 45px 0px 45px\">\n            \n\t<div  class=\"wpb_single_image wpb_content_element vc_align_left wpb_content_element\">\n\t\t\n\t\t<figure class=\"wpb_wrapper vc_figure\">\n\t\t\t<div class=\"vc_single_image-wrapper   vc_box_border_grey\"><img width=\"1920\" height=\"1260\" src=\"https:\/\/michalworoch.com\/wp-content\/uploads\/2020\/01\/oDSC_5943.jpg\" class=\"vc_single_image-img attachment-full\" alt=\"\" decoding=\"async\" title=\"oDSC_5943\" loading=\"lazy\" srcset=\"https:\/\/michalworoch.com\/wp-content\/uploads\/2020\/01\/oDSC_5943.jpg 1920w, https:\/\/michalworoch.com\/wp-content\/uploads\/2020\/01\/oDSC_5943-300x197.jpg 300w, https:\/\/michalworoch.com\/wp-content\/uploads\/2020\/01\/oDSC_5943-1024x672.jpg 1024w, https:\/\/michalworoch.com\/wp-content\/uploads\/2020\/01\/oDSC_5943-768x504.jpg 768w, https:\/\/michalworoch.com\/wp-content\/uploads\/2020\/01\/oDSC_5943-1536x1008.jpg 1536w\" sizes=\"(max-width: 1920px) 100vw, 1920px\" \/><\/div>\n\t\t<\/figure>\n\t<\/div>\n        <\/div>\n    <\/div>\n<\/div><\/div><\/div><\/div><\/div><\/div><div class=\"vc_row wpb_row vc_row-fluid vc_custom_1577121158776\" ><div class=\"wpb_column vc_column_container vc_col-sm-6\"><div class=\"vc_column-inner vc_custom_1577120800234\"><div class=\"wpb_wrapper\"><div class=\"edgtf-elements-holder   edgtf-one-column  edgtf-responsive-mode-768\" ><div class=\"edgtf-eh-item   edgtf-horizontal-alignment-center\"  data-item-class=\"edgtf-eh-custom-3200\" data-680=\"0px 25px 0px 25px\">\n    <div class=\"edgtf-eh-item-inner\">\n        <div class=\"edgtf-eh-item-content edgtf-eh-custom-3200\" style=\"padding: 0px 0px 0px 45px\">\n            \n\t<div  class=\"wpb_single_image wpb_content_element vc_align_left wpb_content_element\">\n\t\t\n\t\t<figure class=\"wpb_wrapper vc_figure\">\n\t\t\t<div class=\"vc_single_image-wrapper   vc_box_border_grey\"><img width=\"1280\" height=\"1920\" src=\"https:\/\/michalworoch.com\/wp-content\/uploads\/2020\/01\/DSC_5698.jpg\" class=\"vc_single_image-img attachment-full\" alt=\"\" decoding=\"async\" title=\"DSC_5698\" loading=\"lazy\" srcset=\"https:\/\/michalworoch.com\/wp-content\/uploads\/2020\/01\/DSC_5698.jpg 1280w, https:\/\/michalworoch.com\/wp-content\/uploads\/2020\/01\/DSC_5698-200x300.jpg 200w, https:\/\/michalworoch.com\/wp-content\/uploads\/2020\/01\/DSC_5698-683x1024.jpg 683w, https:\/\/michalworoch.com\/wp-content\/uploads\/2020\/01\/DSC_5698-768x1152.jpg 768w, https:\/\/michalworoch.com\/wp-content\/uploads\/2020\/01\/DSC_5698-1024x1536.jpg 1024w\" sizes=\"(max-width: 1280px) 100vw, 1280px\" \/><\/div>\n\t\t<\/figure>\n\t<\/div>\n        <\/div>\n    <\/div>\n<\/div><\/div><\/div><\/div><\/div><div class=\"wpb_column vc_column_container vc_col-sm-6\"><div class=\"vc_column-inner\"><div class=\"wpb_wrapper\"><div class=\"edgtf-elements-holder   edgtf-one-column  edgtf-responsive-mode-768\" ><div class=\"edgtf-eh-item   edgtf-horizontal-alignment-center\"  data-item-class=\"edgtf-eh-custom-7382\" data-680=\"0px 25px 0px 25px\">\n    <div class=\"edgtf-eh-item-inner\">\n        <div class=\"edgtf-eh-item-content edgtf-eh-custom-7382\" style=\"padding: 0px 45px 0px 0px\">\n            \n\t<div  class=\"wpb_single_image wpb_content_element vc_align_left wpb_content_element\">\n\t\t\n\t\t<figure class=\"wpb_wrapper vc_figure\">\n\t\t\t<div class=\"vc_single_image-wrapper   vc_box_border_grey\"><img width=\"1260\" height=\"1920\" src=\"https:\/\/michalworoch.com\/wp-content\/uploads\/2020\/01\/oDSC_6872.jpg\" class=\"vc_single_image-img attachment-full\" alt=\"\" decoding=\"async\" title=\"oDSC_6872\" loading=\"lazy\" srcset=\"https:\/\/michalworoch.com\/wp-content\/uploads\/2020\/01\/oDSC_6872.jpg 1260w, https:\/\/michalworoch.com\/wp-content\/uploads\/2020\/01\/oDSC_6872-197x300.jpg 197w, https:\/\/michalworoch.com\/wp-content\/uploads\/2020\/01\/oDSC_6872-672x1024.jpg 672w, https:\/\/michalworoch.com\/wp-content\/uploads\/2020\/01\/oDSC_6872-768x1170.jpg 768w, https:\/\/michalworoch.com\/wp-content\/uploads\/2020\/01\/oDSC_6872-1008x1536.jpg 1008w\" sizes=\"(max-width: 1260px) 100vw, 1260px\" \/><\/div>\n\t\t<\/figure>\n\t<\/div>\n        <\/div>\n    <\/div>\n<\/div><\/div><\/div><\/div><\/div><\/div><div class=\"vc_row wpb_row vc_row-fluid vc_custom_1577039250509\" ><div class=\"wpb_column vc_column_container vc_col-sm-12\"><div class=\"vc_column-inner\"><div class=\"wpb_wrapper\"><div class=\"edgtf-elements-holder   edgtf-one-column  edgtf-responsive-mode-768\" ><div class=\"edgtf-eh-item\"  data-item-class=\"edgtf-eh-custom-3513\" data-680=\"0px 25px 0px 25px\">\n    <div class=\"edgtf-eh-item-inner\">\n        <div class=\"edgtf-eh-item-content edgtf-eh-custom-3513\" style=\"padding: 0px 45px 0px 45px\">\n            \n\t<div  class=\"wpb_single_image wpb_content_element vc_align_left wpb_content_element\">\n\t\t\n\t\t<figure class=\"wpb_wrapper vc_figure\">\n\t\t\t<div class=\"vc_single_image-wrapper   vc_box_border_grey\"><img width=\"1920\" height=\"1278\" src=\"https:\/\/michalworoch.com\/wp-content\/uploads\/2020\/01\/DSC_5776.jpg\" class=\"vc_single_image-img attachment-full\" alt=\"\" decoding=\"async\" title=\"DSC_5776\" loading=\"lazy\" srcset=\"https:\/\/michalworoch.com\/wp-content\/uploads\/2020\/01\/DSC_5776.jpg 1920w, https:\/\/michalworoch.com\/wp-content\/uploads\/2020\/01\/DSC_5776-300x200.jpg 300w, https:\/\/michalworoch.com\/wp-content\/uploads\/2020\/01\/DSC_5776-1024x682.jpg 1024w, https:\/\/michalworoch.com\/wp-content\/uploads\/2020\/01\/DSC_5776-768x511.jpg 768w, https:\/\/michalworoch.com\/wp-content\/uploads\/2020\/01\/DSC_5776-1536x1022.jpg 1536w\" sizes=\"(max-width: 1920px) 100vw, 1920px\" \/><\/div>\n\t\t<\/figure>\n\t<\/div>\n        <\/div>\n    <\/div>\n<\/div><\/div><\/div><\/div><\/div><\/div>\n<\/div>","protected":false},"excerpt":{"rendered":"Kumbhamela Indie 2010 Wyprawa do Indii w celu poznania i dokumentowania \u015bwi\u0119ta wody Kumbhamela. Wed\u0142ug hinduist\u00f3w \u015bwi\u0119to powinno by\u0107 okazj\u0105 do odnowienia staro\u017cytnej kultury hinduistycznej, umocnienia si\u0119 w wierze i wprowadzenia w \u017cycie nakaz\u00f3w religijnych wyznawc\u00f3w","protected":false},"author":1,"featured_media":0,"parent":0,"menu_order":0,"comment_status":"closed","ping_status":"closed","template":"full-width.php","meta":{"footnotes":""},"yoast_head":"<!-- This site is optimized with the Yoast SEO plugin v22.3 - https:\/\/yoast.com\/wordpress\/plugins\/seo\/ -->\n<title>kumbhamela &#8212; Micha\u0142 Woroch<\/title>\n<meta name=\"robots\" content=\"index, follow, max-snippet:-1, max-image-preview:large, max-video-preview:-1\" \/>\n<link rel=\"canonical\" href=\"https:\/\/michalworoch.com\/en\/kumbhamela\/\" \/>\n<meta property=\"og:locale\" content=\"en_US\" \/>\n<meta property=\"og:type\" content=\"article\" \/>\n<meta property=\"og:title\" content=\"kumbhamela &#8212; Micha\u0142 Woroch\" \/>\n<meta property=\"og:url\" content=\"https:\/\/michalworoch.com\/en\/kumbhamela\/\" \/>\n<meta property=\"og:site_name\" content=\"Micha\u0142 Woroch\" \/>\n<meta property=\"article:publisher\" content=\"https:\/\/www.facebook.com\/wheelchairtrip\" \/>\n<meta property=\"article:modified_time\" content=\"2020-01-10T22:50:26+00:00\" \/>\n<meta name=\"twitter:card\" content=\"summary_large_image\" \/>\n<meta name=\"twitter:label1\" content=\"Est. reading time\" \/>\n\t<meta name=\"twitter:data1\" content=\"3 minutes\" \/>\n<script type=\"application\/ld+json\" class=\"yoast-schema-graph\">{\"@context\":\"https:\/\/schema.org\",\"@graph\":[{\"@type\":\"WebPage\",\"@id\":\"https:\/\/michalworoch.com\/kumbhamela\/\",\"url\":\"https:\/\/michalworoch.com\/kumbhamela\/\",\"name\":\"kumbhamela &#8212; Micha\u0142 Woroch\",\"isPartOf\":{\"@id\":\"https:\/\/michalworoch.com\/#website\"},\"datePublished\":\"2020-01-10T19:41:07+00:00\",\"dateModified\":\"2020-01-10T22:50:26+00:00\",\"breadcrumb\":{\"@id\":\"https:\/\/michalworoch.com\/kumbhamela\/#breadcrumb\"},\"inLanguage\":\"en-US\",\"potentialAction\":[{\"@type\":\"ReadAction\",\"target\":[\"https:\/\/michalworoch.com\/kumbhamela\/\"]}]},{\"@type\":\"BreadcrumbList\",\"@id\":\"https:\/\/michalworoch.com\/kumbhamela\/#breadcrumb\",\"itemListElement\":[{\"@type\":\"ListItem\",\"position\":1,\"name\":\"Strona g\u0142\u00f3wna\",\"item\":\"https:\/\/michalworoch.com\/\"},{\"@type\":\"ListItem\",\"position\":2,\"name\":\"kumbhamela\"}]},{\"@type\":\"WebSite\",\"@id\":\"https:\/\/michalworoch.com\/#website\",\"url\":\"https:\/\/michalworoch.com\/\",\"name\":\"Micha\u0142 Woroch - Wheelchairtrip\",\"description\":\"Micha\u0142 Woroch\",\"potentialAction\":[{\"@type\":\"SearchAction\",\"target\":{\"@type\":\"EntryPoint\",\"urlTemplate\":\"https:\/\/michalworoch.com\/?s={search_term_string}\"},\"query-input\":\"required name=search_term_string\"}],\"inLanguage\":\"en-US\"}]}<\/script>\n<!-- \/ Yoast SEO plugin. -->","yoast_head_json":{"title":"kumbhamela &#8212; Micha\u0142 Woroch","robots":{"index":"index","follow":"follow","max-snippet":"max-snippet:-1","max-image-preview":"max-image-preview:large","max-video-preview":"max-video-preview:-1"},"canonical":"https:\/\/michalworoch.com\/en\/kumbhamela\/","og_locale":"en_US","og_type":"article","og_title":"kumbhamela &#8212; Micha\u0142 Woroch","og_url":"https:\/\/michalworoch.com\/en\/kumbhamela\/","og_site_name":"Micha\u0142 Woroch","article_publisher":"https:\/\/www.facebook.com\/wheelchairtrip","article_modified_time":"2020-01-10T22:50:26+00:00","twitter_card":"summary_large_image","twitter_misc":{"Est. reading time":"3 minutes"},"schema":{"@context":"https:\/\/schema.org","@graph":[{"@type":"WebPage","@id":"https:\/\/michalworoch.com\/kumbhamela\/","url":"https:\/\/michalworoch.com\/kumbhamela\/","name":"kumbhamela &#8212; Micha\u0142 Woroch","isPartOf":{"@id":"https:\/\/michalworoch.com\/#website"},"datePublished":"2020-01-10T19:41:07+00:00","dateModified":"2020-01-10T22:50:26+00:00","breadcrumb":{"@id":"https:\/\/michalworoch.com\/kumbhamela\/#breadcrumb"},"inLanguage":"en-US","potentialAction":[{"@type":"ReadAction","target":["https:\/\/michalworoch.com\/kumbhamela\/"]}]},{"@type":"BreadcrumbList","@id":"https:\/\/michalworoch.com\/kumbhamela\/#breadcrumb","itemListElement":[{"@type":"ListItem","position":1,"name":"Strona g\u0142\u00f3wna","item":"https:\/\/michalworoch.com\/"},{"@type":"ListItem","position":2,"name":"kumbhamela"}]},{"@type":"WebSite","@id":"https:\/\/michalworoch.com\/#website","url":"https:\/\/michalworoch.com\/","name":"Micha\u0142 Woroch - Wheelchairtrip","description":"Micha\u0142 Woroch","potentialAction":[{"@type":"SearchAction","target":{"@type":"EntryPoint","urlTemplate":"https:\/\/michalworoch.com\/?s={search_term_string}"},"query-input":"required name=search_term_string"}],"inLanguage":"en-US"}]}},"_links":{"self":[{"href":"https:\/\/michalworoch.com\/en\/wp-json\/wp\/v2\/pages\/4042"}],"collection":[{"href":"https:\/\/michalworoch.com\/en\/wp-json\/wp\/v2\/pages"}],"about":[{"href":"https:\/\/michalworoch.com\/en\/wp-json\/wp\/v2\/types\/page"}],"author":[{"embeddable":true,"href":"https:\/\/michalworoch.com\/en\/wp-json\/wp\/v2\/users\/1"}],"replies":[{"embeddable":true,"href":"https:\/\/michalworoch.com\/en\/wp-json\/wp\/v2\/comments?post=4042"}],"version-history":[{"count":6,"href":"https:\/\/michalworoch.com\/en\/wp-json\/wp\/v2\/pages\/4042\/revisions"}],"predecessor-version":[{"id":4056,"href":"https:\/\/michalworoch.com\/en\/wp-json\/wp\/v2\/pages\/4042\/revisions\/4056"}],"wp:attachment":[{"href":"https:\/\/michalworoch.com\/en\/wp-json\/wp\/v2\/media?parent=4042"}],"curies":[{"name":"wp","href":"https:\/\/api.w.org\/{rel}","templated":true}]}}