{"id":4098,"date":"2020-01-25T12:29:35","date_gmt":"2020-01-25T11:29:35","guid":{"rendered":"https:\/\/michalworoch.com\/?page_id=4098"},"modified":"2023-01-21T23:03:07","modified_gmt":"2023-01-21T22:03:07","slug":"1-podatku","status":"publish","type":"page","link":"https:\/\/michalworoch.com\/en\/1-podatku\/","title":{"rendered":"1 procent podatku"},"content":{"rendered":"<div class=\"wpb-content-wrapper\"><div class=\"edgtf-row-grid-section-wrapper\"  ><div class=\"edgtf-row-grid-section\"><div class=\"vc_row wpb_row vc_row-fluid vc_custom_1577124533119\" ><div class=\"wpb_column vc_column_container vc_col-sm-12 vc_col-lg-9 vc_col-md-12\"><div class=\"vc_column-inner\"><div class=\"wpb_wrapper\"><div class=\"edgtf-elements-holder   edgtf-one-column  edgtf-responsive-mode-768\" ><div class=\"edgtf-eh-item\"  data-item-class=\"edgtf-eh-custom-1045\" data-1025-1366=\"0px 3px 0 0px\">\n    <div class=\"edgtf-eh-item-inner\">\n        <div class=\"edgtf-eh-item-content edgtf-eh-custom-1045\" style=\"padding: 31px 13px 0 0px\">\n            <div class=\"vc_empty_space\"   style=\"height: 30px\"><span class=\"vc_empty_space_inner\"><\/span><\/div>\n\t<div class=\"wpb_text_column wpb_content_element\" >\n\t\t<div class=\"wpb_wrapper\">\n\t\t\t<h3><span class=\"font_u96dif6g6\"><span class=\"bold\">1,5 procent podatku <\/span><\/span><span class=\"font_u96dif6g6\">zmienia wszystko!<\/span><\/h3>\n\n\t\t<\/div>\n\t<\/div>\n<div class=\"vc_empty_space\"   style=\"height: 30px\"><span class=\"vc_empty_space_inner\"><\/span><\/div>\n\t<div class=\"wpb_text_column wpb_content_element\" >\n\t\t<div class=\"wpb_wrapper\">\n\t\t\t<p><span class=\"x193iq5w xeuugli x13faqbe x1vvkbs xlh3980 xvmahel x1n0sxbx x1lliihq x1s928wv xhkezso x1gmr53x x1cpjm7i x1fgarty x1943h6x xudqn12 x3x7a5m x6prxxf xvq8zen xo1l8bm xzsf02u\" dir=\"auto\">Ja swoje zebrane 1,5% podatku przeznacz\u0119 na rehabilitacj\u0119 i przesuwanie granic. <\/span><span class=\"x193iq5w xeuugli x13faqbe x1vvkbs xlh3980 xvmahel x1n0sxbx x1lliihq x1s928wv xhkezso x1gmr53x x1cpjm7i x1fgarty x1943h6x xudqn12 x3x7a5m x6prxxf xvq8zen xo1l8bm xzsf02u\" dir=\"auto\">B\u0119dzie mi mi\u0142o, je\u015bli do\u0142\u0105czysz do rozwijania mojej sprawno\u015bci i tworzenia nowych projekt\u00f3w.<\/span><\/p>\n<p>Serdecznie pozdrawiam,<br \/>\nMicha\u0142<\/p>\n\n\t\t<\/div>\n\t<\/div>\n        <\/div>\n    <\/div>\n<\/div><\/div><\/div><\/div><\/div><div class=\"wpb_column vc_column_container vc_col-sm-12 vc_col-lg-12 vc_col-md-12\"><div class=\"vc_column-inner\"><div class=\"wpb_wrapper\"><div class=\"edgtf-elements-holder   edgtf-one-column  edgtf-responsive-mode-768\" ><div class=\"edgtf-eh-item\"  data-item-class=\"edgtf-eh-custom-1932\" data-1025-1366=\"0px 3px 0 0px\">\n    <div class=\"edgtf-eh-item-inner\">\n        <div class=\"edgtf-eh-item-content edgtf-eh-custom-1932\" style=\"padding: 31px 13px 0 0px\">\n            <div class=\"vc_empty_space\"   style=\"height: 5px\"><span class=\"vc_empty_space_inner\"><\/span><\/div>\n\t<div class=\"wpb_text_column wpb_content_element\" >\n\t\t<div class=\"wpb_wrapper\">\n\t\t\t<p><strong>1,5 procent podatku \/ dane do przekazania:<\/strong><\/p>\n<p>Numer <strong>KRS: 0000338389<\/strong> Cel szczeg\u00f3\u0142owy:\u00a0<strong>11876 \u2013 <a href=\"https:\/\/michalworoch.com\/en\/kontakt\/\" target=\"_blank\" rel=\"noopener noreferrer\">Woroch Micha\u0142<\/a><\/strong><\/p>\n\n\t\t<\/div>\n\t<\/div>\n        <\/div>\n    <\/div>\n<\/div><\/div><div class=\"edgtf-elements-holder   edgtf-one-column  edgtf-responsive-mode-768\" ><div class=\"edgtf-eh-item\"  data-item-class=\"edgtf-eh-custom-3135\" data-1025-1366=\"31px 3px 0 0px\">\n    <div class=\"edgtf-eh-item-inner\">\n        <div class=\"edgtf-eh-item-content edgtf-eh-custom-3135\" style=\"padding: 31px 13px 0 0px\">\n            \n\t<div  class=\"wpb_single_image wpb_content_element vc_align_left wpb_content_element\">\n\t\t\n\t\t<figure class=\"wpb_wrapper vc_figure\">\n\t\t\t<div class=\"vc_single_image-wrapper   vc_box_border_grey\"><img width=\"2560\" height=\"543\" src=\"https:\/\/michalworoch.com\/wp-content\/uploads\/2023\/01\/strona-scaled.jpg\" class=\"vc_single_image-img attachment-full\" alt=\"zdj\u0119cia dla 1,5 procenta\" decoding=\"async\" title=\"strona\" loading=\"lazy\" srcset=\"https:\/\/michalworoch.com\/wp-content\/uploads\/2023\/01\/strona-scaled.jpg 2560w, https:\/\/michalworoch.com\/wp-content\/uploads\/2023\/01\/strona-300x64.jpg 300w, https:\/\/michalworoch.com\/wp-content\/uploads\/2023\/01\/strona-1024x217.jpg 1024w, https:\/\/michalworoch.com\/wp-content\/uploads\/2023\/01\/strona-768x163.jpg 768w, https:\/\/michalworoch.com\/wp-content\/uploads\/2023\/01\/strona-1536x326.jpg 1536w\" sizes=\"(max-width: 2560px) 100vw, 2560px\" \/><\/div>\n\t\t<\/figure>\n\t<\/div>\n        <\/div>\n    <\/div>\n<\/div><\/div><\/div><\/div><\/div><\/div><\/div><\/div>\n<\/div>","protected":false},"excerpt":{"rendered":"1,5 procent podatku zmienia wszystko! Ja swoje zebrane 1,5% podatku przeznacz\u0119 na rehabilitacj\u0119 i przesuwanie granic. B\u0119dzie mi mi\u0142o, je\u015bli do\u0142\u0105czysz do rozwijania mojej sprawno\u015bci i tworzenia nowych projekt\u00f3w. Serdecznie pozdrawiam, Micha\u0142 1,5 procent podatku \/ dane do przekazania: Numer KRS: 0000338389 Cel szczeg\u00f3\u0142owy:\u00a011876 \u2013 Woroch Micha\u0142","protected":false},"author":1,"featured_media":0,"parent":0,"menu_order":0,"comment_status":"closed","ping_status":"closed","template":"full-width.php","meta":{"footnotes":""},"yoast_head":"<!-- This site is optimized with the Yoast SEO plugin v22.3 - https:\/\/yoast.com\/wordpress\/plugins\/seo\/ -->\n<title>1,5 procent podatku - Micha\u0142 Woroch - 1,5% procent zmienia wszystko!<\/title>\n<meta name=\"description\" content=\"1,5 procent podatku - 1,5% procent zmienia wszystko! Dane do 1,5% Numer KRS: 0000338389 Cel szczeg\u00f3\u0142owy: 11876 \u2013 Woroch Micha\u0142\" \/>\n<meta name=\"robots\" content=\"index, follow, max-snippet:-1, max-image-preview:large, max-video-preview:-1\" \/>\n<link rel=\"canonical\" href=\"https:\/\/michalworoch.com\/en\/1-podatku\/\" \/>\n<meta property=\"og:locale\" content=\"en_US\" \/>\n<meta property=\"og:type\" content=\"article\" \/>\n<meta property=\"og:title\" content=\"1,5 procent podatku - Micha\u0142 Woroch - 1,5% procent zmienia wszystko!\" \/>\n<meta property=\"og:description\" content=\"1,5 procent podatku - 1,5% procent zmienia wszystko! Dane do 1,5% Numer KRS: 0000338389 Cel szczeg\u00f3\u0142owy: 11876 \u2013 Woroch Micha\u0142\" \/>\n<meta property=\"og:url\" content=\"https:\/\/michalworoch.com\/en\/1-podatku\/\" \/>\n<meta property=\"og:site_name\" content=\"Micha\u0142 Woroch\" \/>\n<meta property=\"article:publisher\" content=\"https:\/\/www.facebook.com\/wheelchairtrip\" \/>\n<meta property=\"article:modified_time\" content=\"2023-01-21T22:03:07+00:00\" \/>\n<meta name=\"twitter:card\" content=\"summary_large_image\" \/>\n<meta name=\"twitter:label1\" content=\"Est. reading time\" \/>\n\t<meta name=\"twitter:data1\" content=\"1 minute\" \/>\n<script type=\"application\/ld+json\" class=\"yoast-schema-graph\">{\"@context\":\"https:\/\/schema.org\",\"@graph\":[{\"@type\":\"WebPage\",\"@id\":\"https:\/\/michalworoch.com\/1-podatku\/\",\"url\":\"https:\/\/michalworoch.com\/1-podatku\/\",\"name\":\"1,5 procent podatku - Micha\u0142 Woroch - 1,5% procent zmienia wszystko!\",\"isPartOf\":{\"@id\":\"https:\/\/michalworoch.com\/#website\"},\"datePublished\":\"2020-01-25T11:29:35+00:00\",\"dateModified\":\"2023-01-21T22:03:07+00:00\",\"description\":\"1,5 procent podatku - 1,5% procent zmienia wszystko! Dane do 1,5% Numer KRS: 0000338389 Cel szczeg\u00f3\u0142owy: 11876 \u2013 Woroch Micha\u0142\",\"breadcrumb\":{\"@id\":\"https:\/\/michalworoch.com\/1-podatku\/#breadcrumb\"},\"inLanguage\":\"en-US\",\"potentialAction\":[{\"@type\":\"ReadAction\",\"target\":[\"https:\/\/michalworoch.com\/1-podatku\/\"]}]},{\"@type\":\"BreadcrumbList\",\"@id\":\"https:\/\/michalworoch.com\/1-podatku\/#breadcrumb\",\"itemListElement\":[{\"@type\":\"ListItem\",\"position\":1,\"name\":\"Strona g\u0142\u00f3wna\",\"item\":\"https:\/\/michalworoch.com\/\"},{\"@type\":\"ListItem\",\"position\":2,\"name\":\"1 procent podatku\"}]},{\"@type\":\"WebSite\",\"@id\":\"https:\/\/michalworoch.com\/#website\",\"url\":\"https:\/\/michalworoch.com\/\",\"name\":\"Micha\u0142 Woroch - Wheelchairtrip\",\"description\":\"Micha\u0142 Woroch\",\"potentialAction\":[{\"@type\":\"SearchAction\",\"target\":{\"@type\":\"EntryPoint\",\"urlTemplate\":\"https:\/\/michalworoch.com\/?s={search_term_string}\"},\"query-input\":\"required name=search_term_string\"}],\"inLanguage\":\"en-US\"}]}<\/script>\n<!-- \/ Yoast SEO plugin. -->","yoast_head_json":{"title":"1,5 procent podatku - Micha\u0142 Woroch - 1,5% procent zmienia wszystko!","description":"1,5 procent podatku - 1,5% procent zmienia wszystko! Dane do 1,5% Numer KRS: 0000338389 Cel szczeg\u00f3\u0142owy: 11876 \u2013 Woroch Micha\u0142","robots":{"index":"index","follow":"follow","max-snippet":"max-snippet:-1","max-image-preview":"max-image-preview:large","max-video-preview":"max-video-preview:-1"},"canonical":"https:\/\/michalworoch.com\/en\/1-podatku\/","og_locale":"en_US","og_type":"article","og_title":"1,5 procent podatku - Micha\u0142 Woroch - 1,5% procent zmienia wszystko!","og_description":"1,5 procent podatku - 1,5% procent zmienia wszystko! Dane do 1,5% Numer KRS: 0000338389 Cel szczeg\u00f3\u0142owy: 11876 \u2013 Woroch Micha\u0142","og_url":"https:\/\/michalworoch.com\/en\/1-podatku\/","og_site_name":"Micha\u0142 Woroch","article_publisher":"https:\/\/www.facebook.com\/wheelchairtrip","article_modified_time":"2023-01-21T22:03:07+00:00","twitter_card":"summary_large_image","twitter_misc":{"Est. reading time":"1 minute"},"schema":{"@context":"https:\/\/schema.org","@graph":[{"@type":"WebPage","@id":"https:\/\/michalworoch.com\/1-podatku\/","url":"https:\/\/michalworoch.com\/1-podatku\/","name":"1,5 procent podatku - Micha\u0142 Woroch - 1,5% procent zmienia wszystko!","isPartOf":{"@id":"https:\/\/michalworoch.com\/#website"},"datePublished":"2020-01-25T11:29:35+00:00","dateModified":"2023-01-21T22:03:07+00:00","description":"1,5 procent podatku - 1,5% procent zmienia wszystko! Dane do 1,5% Numer KRS: 0000338389 Cel szczeg\u00f3\u0142owy: 11876 \u2013 Woroch Micha\u0142","breadcrumb":{"@id":"https:\/\/michalworoch.com\/1-podatku\/#breadcrumb"},"inLanguage":"en-US","potentialAction":[{"@type":"ReadAction","target":["https:\/\/michalworoch.com\/1-podatku\/"]}]},{"@type":"BreadcrumbList","@id":"https:\/\/michalworoch.com\/1-podatku\/#breadcrumb","itemListElement":[{"@type":"ListItem","position":1,"name":"Strona g\u0142\u00f3wna","item":"https:\/\/michalworoch.com\/"},{"@type":"ListItem","position":2,"name":"1 procent podatku"}]},{"@type":"WebSite","@id":"https:\/\/michalworoch.com\/#website","url":"https:\/\/michalworoch.com\/","name":"Micha\u0142 Woroch - Wheelchairtrip","description":"Micha\u0142 Woroch","potentialAction":[{"@type":"SearchAction","target":{"@type":"EntryPoint","urlTemplate":"https:\/\/michalworoch.com\/?s={search_term_string}"},"query-input":"required name=search_term_string"}],"inLanguage":"en-US"}]}},"_links":{"self":[{"href":"https:\/\/michalworoch.com\/en\/wp-json\/wp\/v2\/pages\/4098"}],"collection":[{"href":"https:\/\/michalworoch.com\/en\/wp-json\/wp\/v2\/pages"}],"about":[{"href":"https:\/\/michalworoch.com\/en\/wp-json\/wp\/v2\/types\/page"}],"author":[{"embeddable":true,"href":"https:\/\/michalworoch.com\/en\/wp-json\/wp\/v2\/users\/1"}],"replies":[{"embeddable":true,"href":"https:\/\/michalworoch.com\/en\/wp-json\/wp\/v2\/comments?post=4098"}],"version-history":[{"count":35,"href":"https:\/\/michalworoch.com\/en\/wp-json\/wp\/v2\/pages\/4098\/revisions"}],"predecessor-version":[{"id":5218,"href":"https:\/\/michalworoch.com\/en\/wp-json\/wp\/v2\/pages\/4098\/revisions\/5218"}],"wp:attachment":[{"href":"https:\/\/michalworoch.com\/en\/wp-json\/wp\/v2\/media?parent=4098"}],"curies":[{"name":"wp","href":"https:\/\/api.w.org\/{rel}","templated":true}]}}