{"id":4418,"date":"2020-03-28T00:58:16","date_gmt":"2020-03-27T23:58:16","guid":{"rendered":"https:\/\/michalworoch.com\/?page_id=4418"},"modified":"2026-02-16T20:02:08","modified_gmt":"2026-02-16T19:02:08","slug":"kontakt-michal-woroch","status":"publish","type":"page","link":"https:\/\/michalworoch.com\/en\/kontakt-michal-woroch\/","title":{"rendered":"Contact"},"content":{"rendered":"<div class=\"wpb-content-wrapper\"><div class=\"edgtf-row-grid-section-wrapper\"  ><div class=\"edgtf-row-grid-section\"><div class=\"vc_row wpb_row vc_row-fluid vc_custom_1577124533119\" ><div class=\"wpb_column vc_column_container vc_col-sm-5 vc_col-lg-4 vc_col-md-12\"><div class=\"vc_column-inner\"><div class=\"wpb_wrapper\"><div class=\"edgtf-elements-holder   edgtf-one-column  edgtf-responsive-mode-768\" ><div class=\"edgtf-eh-item\"  data-item-class=\"edgtf-eh-custom-3214\" data-1025-1366=\"0px 3px 0 0px\">\n    <div class=\"edgtf-eh-item-inner\">\n        <div class=\"edgtf-eh-item-content edgtf-eh-custom-3214\" style=\"padding: 31px 13px 0 0px\">\n            <div class=\"vc_empty_space\"   style=\"height: 30px\"><span class=\"vc_empty_space_inner\"><\/span><\/div>\n\t<div class=\"wpb_text_column wpb_content_element\" >\n\t\t<div class=\"wpb_wrapper\">\n\t\t\t<div id=\"content_0501d1033\" class=\"column-content\" data-module=\"paragraph\">\n<div class=\"is-content\">\n<div data-content-for=\"xl\">\n<p><strong><span class=\"font_u96dif6g6\"><span class=\"bold\">Privately\u00a0<\/span><\/span><\/strong><\/p>\n<\/div>\n<\/div>\n<\/div>\n<div id=\"content_5eq9dq53g\" class=\"column-content\" data-module=\"button\">\n<div id=\"content_5eq9dq53g\" class=\"column-content\" data-module=\"button\">\n<div class=\"ce-button\" data-align=\"center\">\n<p data-width=\"auto\"><span class=\"bold\">Micha\u0142 Woroch<\/span><br \/>\n<span class=\"qu\" tabindex=\"-1\" role=\"gridcell\"><span class=\"go\">+48 694 408 848<\/span><\/span><br \/>\n<span class=\"qu\" tabindex=\"-1\" role=\"gridcell\"><span class=\"go\">worochu@gmail.com<\/span><\/span><\/p>\n<\/div>\n<p>&nbsp;<\/p>\n<\/div>\n<\/div>\n\n\t\t<\/div>\n\t<\/div>\n<div class=\"vc_empty_space\"   style=\"height: 4px\"><span class=\"vc_empty_space_inner\"><\/span><\/div>\n\t<div class=\"wpb_text_column wpb_content_element\" >\n\t\t<div class=\"wpb_wrapper\">\n\t\t\t<div id=\"content_0501d1033\" class=\"column-content\" data-module=\"paragraph\">\n<div class=\"is-content\">\n<div data-content-for=\"xl\">\n<p><strong><span class=\"font_u96dif6g6\"><span class=\"bold\">Lectures<\/span><\/span><\/strong><\/p>\n<p>Sebastian Prokop<br \/>\nPowerSpeech Speakers Agency<br \/>\ninfo@prokopstudio.pl<br \/>\n+48 604 390 850<\/p>\n<\/div>\n<\/div>\n<\/div>\n<div id=\"content_5eq9dq53g\" class=\"column-content\" data-module=\"button\">\n<div id=\"content_5eq9dq53g\" class=\"column-content\" data-module=\"button\">\n<p>&nbsp;<\/p>\n<\/div>\n<\/div>\n\n\t\t<\/div>\n\t<\/div>\n<div class=\"vc_empty_space\"   style=\"height: 10px\"><span class=\"vc_empty_space_inner\"><\/span><\/div><a itemprop=\"url\" href=\"https:\/\/michalworoch.com\/en\/o-mnie\/\" target=\"_self\"  class=\"edgtf-btn edgtf-btn-small edgtf-btn-outline\"  >\n            <span class=\"edgtf-btn-text\">more about me<\/span>\n            <\/a><div class=\"vc_empty_space\"   style=\"height: 5px\"><span class=\"vc_empty_space_inner\"><\/span><\/div><a itemprop=\"url\" href=\"https:\/\/michalworoch.com\/en\/test-test\/\" target=\"_self\"  class=\"edgtf-btn edgtf-btn-small edgtf-btn-outline\"  >\n            <span class=\"edgtf-btn-text\">blog<\/span>\n            <\/a>        <\/div>\n    <\/div>\n<\/div><\/div><\/div><\/div><\/div><div class=\"wpb_column vc_column_container vc_col-sm-12 vc_col-lg-3\/5 vc_col-md-12\"><div class=\"vc_column-inner\"><div class=\"wpb_wrapper\"><div class=\"edgtf-elements-holder   edgtf-one-column  edgtf-responsive-mode-768\" ><div class=\"edgtf-eh-item\"  data-item-class=\"edgtf-eh-custom-2077\" data-1025-1366=\"31px 3px 0 0px\">\n    <div class=\"edgtf-eh-item-inner\">\n        <div class=\"edgtf-eh-item-content edgtf-eh-custom-2077\" style=\"padding: 31px 13px 0 0px\">\n            \n\t<div  class=\"wpb_single_image wpb_content_element vc_align_left wpb_content_element\">\n\t\t\n\t\t<figure class=\"wpb_wrapper vc_figure\">\n\t\t\t<div class=\"vc_single_image-wrapper   vc_box_border_grey\"><img width=\"1920\" height=\"1280\" src=\"https:\/\/michalworoch.com\/wp-content\/uploads\/2022\/02\/michal_woroch.jpg\" class=\"vc_single_image-img attachment-full\" alt=\"Micha\u0142_Woroch\" decoding=\"async\" title=\"michal_woroch\" loading=\"lazy\" srcset=\"https:\/\/michalworoch.com\/wp-content\/uploads\/2022\/02\/michal_woroch.jpg 1920w, https:\/\/michalworoch.com\/wp-content\/uploads\/2022\/02\/michal_woroch-300x200.jpg 300w, https:\/\/michalworoch.com\/wp-content\/uploads\/2022\/02\/michal_woroch-1024x683.jpg 1024w, https:\/\/michalworoch.com\/wp-content\/uploads\/2022\/02\/michal_woroch-768x512.jpg 768w, https:\/\/michalworoch.com\/wp-content\/uploads\/2022\/02\/michal_woroch-1536x1024.jpg 1536w\" sizes=\"(max-width: 1920px) 100vw, 1920px\" \/><\/div>\n\t\t<\/figure>\n\t<\/div>\n        <\/div>\n    <\/div>\n<\/div><\/div><\/div><\/div><\/div><div class=\"wpb_column vc_column_container vc_col-sm-12\"><div class=\"vc_column-inner\"><div class=\"wpb_wrapper\"><\/div><\/div><\/div><\/div><\/div><\/div>\n<\/div>","protected":false},"excerpt":{"rendered":"Prywatnie\u00a0 Micha\u0142 Woroch +48 694 408 848 worochu@gmail.com &nbsp; Wyk\u0142ady Sebastian Prokop Agencja M\u00f3wc\u00f3w PowerSpeech info@prokopstudio.pl +48 604 390 850 &nbsp; wi\u0119cej o mnie blog","protected":false},"author":1,"featured_media":0,"parent":0,"menu_order":0,"comment_status":"closed","ping_status":"closed","template":"full-width.php","meta":{"footnotes":""},"yoast_head":"<!-- This site is optimized with the Yoast SEO plugin v22.3 - https:\/\/yoast.com\/wordpress\/plugins\/seo\/ -->\n<title>Kontakt | Micha\u0142 Woroch - wyst\u0105pienia, podr\u00f3\u017ce, eventy firmowe<\/title>\n<meta name=\"description\" content=\"Kontakt | Micha\u0142 Woroch - wsp\u00f3\u0142praca: spotkania autorskie, wyst\u0105pienia podr\u00f3\u017cnicze, festiwale, power speech i eventy firmowe, zapytania ofertowe...\" \/>\n<meta name=\"robots\" content=\"index, follow, max-snippet:-1, max-image-preview:large, max-video-preview:-1\" \/>\n<link rel=\"canonical\" href=\"https:\/\/michalworoch.com\/en\/kontakt-michal-woroch\/\" \/>\n<meta property=\"og:locale\" content=\"en_US\" \/>\n<meta property=\"og:type\" content=\"article\" \/>\n<meta property=\"og:title\" content=\"Kontakt | Micha\u0142 Woroch - wyst\u0105pienia, podr\u00f3\u017ce, eventy firmowe\" \/>\n<meta property=\"og:description\" content=\"Kontakt | Micha\u0142 Woroch - wsp\u00f3\u0142praca: spotkania autorskie, wyst\u0105pienia podr\u00f3\u017cnicze, festiwale, power speech i eventy firmowe, zapytania ofertowe...\" \/>\n<meta property=\"og:url\" content=\"https:\/\/michalworoch.com\/en\/kontakt-michal-woroch\/\" \/>\n<meta property=\"og:site_name\" content=\"Micha\u0142 Woroch\" \/>\n<meta property=\"article:publisher\" content=\"https:\/\/www.facebook.com\/wheelchairtrip\" \/>\n<meta property=\"article:modified_time\" content=\"2026-02-16T19:02:08+00:00\" \/>\n<meta name=\"twitter:card\" content=\"summary_large_image\" \/>\n<meta name=\"twitter:label1\" content=\"Est. reading time\" \/>\n\t<meta name=\"twitter:data1\" content=\"1 minute\" \/>\n<script type=\"application\/ld+json\" class=\"yoast-schema-graph\">{\"@context\":\"https:\/\/schema.org\",\"@graph\":[{\"@type\":\"WebPage\",\"@id\":\"https:\/\/michalworoch.com\/kontakt-michal-woroch\/\",\"url\":\"https:\/\/michalworoch.com\/kontakt-michal-woroch\/\",\"name\":\"Kontakt | Micha\u0142 Woroch - wyst\u0105pienia, podr\u00f3\u017ce, eventy firmowe\",\"isPartOf\":{\"@id\":\"https:\/\/michalworoch.com\/#website\"},\"datePublished\":\"2020-03-27T23:58:16+00:00\",\"dateModified\":\"2026-02-16T19:02:08+00:00\",\"description\":\"Kontakt | Micha\u0142 Woroch - wsp\u00f3\u0142praca: spotkania autorskie, wyst\u0105pienia podr\u00f3\u017cnicze, festiwale, power speech i eventy firmowe, zapytania ofertowe...\",\"breadcrumb\":{\"@id\":\"https:\/\/michalworoch.com\/kontakt-michal-woroch\/#breadcrumb\"},\"inLanguage\":\"en-US\",\"potentialAction\":[{\"@type\":\"ReadAction\",\"target\":[\"https:\/\/michalworoch.com\/kontakt-michal-woroch\/\"]}]},{\"@type\":\"BreadcrumbList\",\"@id\":\"https:\/\/michalworoch.com\/kontakt-michal-woroch\/#breadcrumb\",\"itemListElement\":[{\"@type\":\"ListItem\",\"position\":1,\"name\":\"Strona g\u0142\u00f3wna\",\"item\":\"https:\/\/michalworoch.com\/\"},{\"@type\":\"ListItem\",\"position\":2,\"name\":\"kontakt\"}]},{\"@type\":\"WebSite\",\"@id\":\"https:\/\/michalworoch.com\/#website\",\"url\":\"https:\/\/michalworoch.com\/\",\"name\":\"Micha\u0142 Woroch - Wheelchairtrip\",\"description\":\"Micha\u0142 Woroch\",\"potentialAction\":[{\"@type\":\"SearchAction\",\"target\":{\"@type\":\"EntryPoint\",\"urlTemplate\":\"https:\/\/michalworoch.com\/?s={search_term_string}\"},\"query-input\":\"required name=search_term_string\"}],\"inLanguage\":\"en-US\"}]}<\/script>\n<!-- \/ Yoast SEO plugin. -->","yoast_head_json":{"title":"Kontakt | Micha\u0142 Woroch - wyst\u0105pienia, podr\u00f3\u017ce, eventy firmowe","description":"Kontakt | Micha\u0142 Woroch - wsp\u00f3\u0142praca: spotkania autorskie, wyst\u0105pienia podr\u00f3\u017cnicze, festiwale, power speech i eventy firmowe, zapytania ofertowe...","robots":{"index":"index","follow":"follow","max-snippet":"max-snippet:-1","max-image-preview":"max-image-preview:large","max-video-preview":"max-video-preview:-1"},"canonical":"https:\/\/michalworoch.com\/en\/kontakt-michal-woroch\/","og_locale":"en_US","og_type":"article","og_title":"Kontakt | Micha\u0142 Woroch - wyst\u0105pienia, podr\u00f3\u017ce, eventy firmowe","og_description":"Kontakt | Micha\u0142 Woroch - wsp\u00f3\u0142praca: spotkania autorskie, wyst\u0105pienia podr\u00f3\u017cnicze, festiwale, power speech i eventy firmowe, zapytania ofertowe...","og_url":"https:\/\/michalworoch.com\/en\/kontakt-michal-woroch\/","og_site_name":"Micha\u0142 Woroch","article_publisher":"https:\/\/www.facebook.com\/wheelchairtrip","article_modified_time":"2026-02-16T19:02:08+00:00","twitter_card":"summary_large_image","twitter_misc":{"Est. reading time":"1 minute"},"schema":{"@context":"https:\/\/schema.org","@graph":[{"@type":"WebPage","@id":"https:\/\/michalworoch.com\/kontakt-michal-woroch\/","url":"https:\/\/michalworoch.com\/kontakt-michal-woroch\/","name":"Kontakt | Micha\u0142 Woroch - wyst\u0105pienia, podr\u00f3\u017ce, eventy firmowe","isPartOf":{"@id":"https:\/\/michalworoch.com\/#website"},"datePublished":"2020-03-27T23:58:16+00:00","dateModified":"2026-02-16T19:02:08+00:00","description":"Kontakt | Micha\u0142 Woroch - wsp\u00f3\u0142praca: spotkania autorskie, wyst\u0105pienia podr\u00f3\u017cnicze, festiwale, power speech i eventy firmowe, zapytania ofertowe...","breadcrumb":{"@id":"https:\/\/michalworoch.com\/kontakt-michal-woroch\/#breadcrumb"},"inLanguage":"en-US","potentialAction":[{"@type":"ReadAction","target":["https:\/\/michalworoch.com\/kontakt-michal-woroch\/"]}]},{"@type":"BreadcrumbList","@id":"https:\/\/michalworoch.com\/kontakt-michal-woroch\/#breadcrumb","itemListElement":[{"@type":"ListItem","position":1,"name":"Strona g\u0142\u00f3wna","item":"https:\/\/michalworoch.com\/"},{"@type":"ListItem","position":2,"name":"kontakt"}]},{"@type":"WebSite","@id":"https:\/\/michalworoch.com\/#website","url":"https:\/\/michalworoch.com\/","name":"Micha\u0142 Woroch - Wheelchairtrip","description":"Micha\u0142 Woroch","potentialAction":[{"@type":"SearchAction","target":{"@type":"EntryPoint","urlTemplate":"https:\/\/michalworoch.com\/?s={search_term_string}"},"query-input":"required name=search_term_string"}],"inLanguage":"en-US"}]}},"_links":{"self":[{"href":"https:\/\/michalworoch.com\/en\/wp-json\/wp\/v2\/pages\/4418"}],"collection":[{"href":"https:\/\/michalworoch.com\/en\/wp-json\/wp\/v2\/pages"}],"about":[{"href":"https:\/\/michalworoch.com\/en\/wp-json\/wp\/v2\/types\/page"}],"author":[{"embeddable":true,"href":"https:\/\/michalworoch.com\/en\/wp-json\/wp\/v2\/users\/1"}],"replies":[{"embeddable":true,"href":"https:\/\/michalworoch.com\/en\/wp-json\/wp\/v2\/comments?post=4418"}],"version-history":[{"count":50,"href":"https:\/\/michalworoch.com\/en\/wp-json\/wp\/v2\/pages\/4418\/revisions"}],"predecessor-version":[{"id":5810,"href":"https:\/\/michalworoch.com\/en\/wp-json\/wp\/v2\/pages\/4418\/revisions\/5810"}],"wp:attachment":[{"href":"https:\/\/michalworoch.com\/en\/wp-json\/wp\/v2\/media?parent=4418"}],"curies":[{"name":"wp","href":"https:\/\/api.w.org\/{rel}","templated":true}]}}